{"id":65352,"date":"2025-02-18T15:32:26","date_gmt":"2025-02-18T14:32:26","guid":{"rendered":"https:\/\/turkvoelker.de\/?page_id=65352"},"modified":"2025-10-12T11:55:12","modified_gmt":"2025-10-12T09:55:12","slug":"die-transeurasische-theorie","status":"publish","type":"page","link":"https:\/\/turkvoelker.de\/tr\/die-transeurasische-theorie\/","title":{"rendered":"Transeurasyatik teori"},"content":{"rendered":"<h1>Transeurasyatik teori<\/h1>\n<p>Die transeurasische Theorie besagt, dass alle Turkv\u00f6lker, alle Mongolen, Koreaner, Japaner und Tungusen aus Nordostasien kamen. Wahrscheinlich lebten diese V\u00f6lker bzw. die kulturellen und sprachlichen Vorfahren der Turkv\u00f6lker, Mongolen, Koreaner, Japaner und Tungusen schon im 7. Jahrhundert vor Christus zusammen als Hirsebauer in Nordostasien. Irgendwann verlie\u00dfen jedoch die T\u00fcrken &#8211; die damals das Proto-t\u00fcrkische sprachen &#8211; wahrscheinlich als erste Nordostasien. Wahrscheinlich verlie\u00dfen sie langsam um 1200 v.Chr. Nordostasien. Sie zogen gen Westen und errichteten mit den Mongolen zusammen die <a href=\"https:\/\/turkvoelker.de\/tr\/die-xiongnu\/\">Asya Hun Konfederasyonu<\/a>.<\/p>\n<p>Transavrasya teorisi, 19. ve 20. y\u00fczy\u0131llardaki Altay teorisinin geli\u015ftirilmi\u015f bir versiyonudur. Altay teorisi, Altay dillerinin (T\u00fcrk\u00e7e, Mo\u011folca, Tunguzca, Japonca ve Korece) Ural dilleriyle (Fince, Macarca) akraba oldu\u011funu \u00f6ne s\u00fcrer.<\/p>\n<h2>Transeurasya Dil Ailesi<\/h2>\n<p class=\"translation-block\"><strong>Transavrasya Dilleri<\/strong><br> \u2502<br> \u251c\u2500\u2500 <em>T\u00fcrk Dilleri<\/em><br> \u2502 \u251c\u2500\u2500 Bat\u0131 T\u00fcrk\u00e7esi (\u00f6r. Osmanl\u0131ca, T\u00fcrk\u00e7e, Azerice)<br> \u2502 \u251c\u2500\u2500 O\u011fuzca (\u00f6r. T\u00fcrkmence, Kazak\u00e7a)<br> \u2502 \u251c\u2500\u2500 K\u0131p\u00e7ak\u00e7a (\u00f6r. \u00d6zbek\u00e7e, Tatarca)<br> \u2502 \u251c\u2500\u2500 Uygurca<br> \u2502 \u2514\u2500\u2500 Sibirya Dilleri (\u00f6r. Yakut\u00e7a)<br> \u2502<br> \u251c\u2500\u2500 <em>Mo\u011fol Dilleri<\/em><br> \u2502 \u251c\u2500\u2500 Orta Mo\u011folca (\u00f6r. Halh Mo\u011folcas\u0131)<br> \u2502 \u251c\u2500\u2500 Do\u011fu Mo\u011folca (\u00f6r. Buryat\u00e7a)<br> \u2502 \u251c\u2500\u2500 Bat\u0131 Mo\u011folca (\u00f6r. Kalmuk\u00e7a)<br> \u2502 \u2514\u2500\u2500 Tarih\u00ee Diller (\u00f6r. Eski Mo\u011folca)<br> \u2502<br> \u251c\u2500\u2500 <em>Tunguz Dilleri<\/em><br> \u2502 \u251c\u2500\u2500 Kuzey Grubu (\u00f6r. Evenk\u00e7e, Even Dili)<br> \u2502 \u251c\u2500\u2500 G\u00fcney Grubu (\u00f6r. Man\u00e7uca, Sibe)<br> \u2502 \u2514\u2500\u2500 Orta Grubu (\u00f6r. Nanay Dili)<br> \u2502<br> \u251c\u2500\u2500 <em>Korece<\/em> (Eski Korece dahil)<br> \u2502<br> \u2514\u2500\u2500 <em>Japon-Ry\u016bky\u016b Dilleri<\/em><br> \u00a0\u00a0\u00a0\u00a0\u251c\u2500\u2500 Japonca<br> \u00a0\u00a0\u00a0\u00a0\u2514\u2500\u2500 Ry\u016bky\u016b Dilleri (\u00f6r. Okinavaca, Amami, Miyako)<\/p>\n<h1>G\u00fcn\u00fcm\u00fczdeki ili\u015fkiler<\/h1>\n<p>H\u00e2l\u00e2 g\u00fcn\u00fcm\u00fczde bile, ad\u0131 ge\u00e7en halklar aras\u0131nda dilsel ve k\u00fclt\u00fcrel ba\u011flar bulunmaktad\u0131r. Baz\u0131 T\u00fcrk halklar\u0131, \u00f6rne\u011fin T\u00fcrkiye T\u00fcrkleri ya da Gagavuzlar, Asya\u2019n\u0131n bat\u0131s\u0131nda ya da hatta Avrupa\u2019da ya\u015famaktad\u0131r. Di\u011fer baz\u0131 T\u00fcrk halklar\u0131, \u00f6rne\u011fin Yakutlar ya da Altayl\u0131lar, Kuzeydo\u011fu Asya\u2019da kalm\u0131\u015flard\u0131r. Kafkasya\u2019da ya\u015fayan Kalmuklar ya da g\u00fcn\u00fcm\u00fczde Mo\u011folistan\u2019da ya\u015fayan Mo\u011follar gibi Mo\u011fol halklar\u0131 da \u00e7ok farkl\u0131 b\u00f6lgelerde ya\u015famaktad\u0131r. Bug\u00fcn say\u0131lar\u0131 sadece yakla\u015f\u0131k 40.000 olan Tunguzlar ise h\u00e2l\u00e2 Kuzeydo\u011fu Asya\u2019da, yani Sibirya\u2019da kalm\u0131\u015flard\u0131r ve en \u00e7ok \u00c7in Halk Cumhuriyeti'nde yayg\u0131nd\u0131rlar. Japon ve Kore halklar\u0131 ise h\u00e2l\u00e2 Japonya adalar\u0131nda ve Kore Yar\u0131madas\u0131\u2019nda ya\u015famaktad\u0131r.\n\nBu \u00f6rnekler, bu halklar\u0131n ne kadar yerle\u015fik ya da g\u00f6\u00e7ebe kald\u0131klar\u0131n\u0131 g\u00f6stermektedir. Yani, T\u00fcrkler ve Mo\u011follar\u0131n ge\u00e7mi\u015fi ve k\u00fclt\u00fcr\u00fc, Koreliler, Japonlar ve Tunguzlardan daha \u00e7ok birbirine benzemektedir \u2013 ve bunun tersi de ge\u00e7erlidir.<\/p>\n<p class=\"translation-block\">Dil a\u00e7\u0131s\u0131ndan T\u00fcrk dilleri Mo\u011folca'ya \u00e7ok yak\u0131nd\u0131r, \u00f6rne\u011fin alt\u0131n T\u00fcrk\u00e7ede <strong>alt\u0131n<\/strong>, Mo\u011folcada <strong>alt<\/strong> \u015feklindedir. Sar\u0131 T\u00fcrk\u00e7ede <strong>sar\u0131<\/strong>, Mo\u011folcada <strong>shar<\/strong> olarak s\u00f6ylenir. T\u00fcrk\u00e7ede \u00f6k\u00fcz <strong>\u00f6k\u00fcz<\/strong> iken, Mo\u011folcada <strong>\u00fckher<\/strong> \u015feklindedir. Tabii ki Japonca ve Korece de birbirine benzer. \u00d6rne\u011fin, gelecek Korecede <strong>milae<\/strong>, Japoncada <strong>mirai<\/strong> olarak ifade edilir. \u00c7anta Korecede <strong>k<\/strong><strong>abang<\/strong>, Japoncada <strong>kaban<\/strong> \u015feklindedir.<\/p>\n<p><img data-opt-id=1790983554  fetchpriority=\"high\" decoding=\"async\" class=\"alignnone size-medium wp-image-65546\" src=\"https:\/\/mlpwwkkwzfxv.i.optimole.com\/w:300\/h:171\/q:mauto\/ig:avif\/https:\/\/turkvoelker.de\/wp-content\/uploads\/2025\/03\/file-6Gxqa3RZTEd9DUm7vciPdT.webp\" alt=\"\" width=\"300\" height=\"171\" srcset=\"https:\/\/mlpwwkkwzfxv.i.optimole.com\/w:300\/h:171\/q:mauto\/ig:avif\/https:\/\/turkvoelker.de\/wp-content\/uploads\/2025\/03\/file-6Gxqa3RZTEd9DUm7vciPdT.webp 300w, https:\/\/mlpwwkkwzfxv.i.optimole.com\/w:1024\/h:585\/q:mauto\/ig:avif\/https:\/\/turkvoelker.de\/wp-content\/uploads\/2025\/03\/file-6Gxqa3RZTEd9DUm7vciPdT.webp 1024w, https:\/\/mlpwwkkwzfxv.i.optimole.com\/w:768\/h:439\/q:mauto\/ig:avif\/https:\/\/turkvoelker.de\/wp-content\/uploads\/2025\/03\/file-6Gxqa3RZTEd9DUm7vciPdT.webp 768w, https:\/\/mlpwwkkwzfxv.i.optimole.com\/w:1536\/h:878\/q:mauto\/ig:avif\/https:\/\/turkvoelker.de\/wp-content\/uploads\/2025\/03\/file-6Gxqa3RZTEd9DUm7vciPdT.webp 1536w, https:\/\/mlpwwkkwzfxv.i.optimole.com\/w:370\/h:211\/q:mauto\/ig:avif\/https:\/\/turkvoelker.de\/wp-content\/uploads\/2025\/03\/file-6Gxqa3RZTEd9DUm7vciPdT.webp 370w, https:\/\/mlpwwkkwzfxv.i.optimole.com\/w:840\/h:480\/q:mauto\/ig:avif\/https:\/\/turkvoelker.de\/wp-content\/uploads\/2025\/03\/file-6Gxqa3RZTEd9DUm7vciPdT.webp 840w, https:\/\/mlpwwkkwzfxv.i.optimole.com\/w:410\/h:234\/q:mauto\/ig:avif\/https:\/\/turkvoelker.de\/wp-content\/uploads\/2025\/03\/file-6Gxqa3RZTEd9DUm7vciPdT.webp 410w, https:\/\/mlpwwkkwzfxv.i.optimole.com\/w:1792\/h:1024\/q:mauto\/ig:avif\/https:\/\/turkvoelker.de\/wp-content\/uploads\/2025\/03\/file-6Gxqa3RZTEd9DUm7vciPdT.webp 1792w\" sizes=\"(max-width: 300px) 100vw, 300px\" \/><\/p>\n<hr \/>\n<h1>Kaynaklar<\/h1>\n<p>Edebiyat:<\/p>\n<ul>\n<li>Yavuz, Emre (2024). Das Reich der G\u00f6kt\u00fcrken: Aufstieg der Turkv\u00f6lker 546-630 n.Chr.<\/li>\n<\/ul>\n<p>\u00c7evrimi\u00e7i kaynaklar:<\/p>\n<p>mpg.de, Hirse und Bohnen, Sprache und Gene: Die Herkunft und Verbreitung der transeurasischen Sprachen<\/p>","protected":false},"excerpt":{"rendered":"<p>Die transeurasische Theorie Die transeurasische Theorie besagt, dass alle Turkv\u00f6lker, alle Mongolen, Koreaner, Japaner und Tungusen aus Nordostasien kamen. Wahrscheinlich lebten diese V\u00f6lker bzw. die kulturellen und sprachlichen Vorfahren der&hellip;<\/p>","protected":false},"author":1,"featured_media":65546,"parent":0,"menu_order":0,"comment_status":"closed","ping_status":"closed","template":"","meta":{"_monsterinsights_skip_tracking":false,"_monsterinsights_sitenote_active":false,"_monsterinsights_sitenote_note":"","_monsterinsights_sitenote_category":0,"_uf_show_specific_survey":0,"_uf_disable_surveys":false,"_themeisle_gutenberg_block_has_review":false,"footnotes":""},"class_list":["post-65352","page","type-page","status-publish","has-post-thumbnail","hentry"],"aioseo_notices":[],"featured_image_src":"https:\/\/mlpwwkkwzfxv.i.optimole.com\/w:auto\/h:auto\/q:mauto\/ig:avif\/https:\/\/turkvoelker.de\/wp-content\/uploads\/2025\/03\/file-6Gxqa3RZTEd9DUm7vciPdT.webp","yoast_head":"<!-- This site is optimized with the Yoast SEO plugin v26.1.1 - https:\/\/yoast.com\/wordpress\/plugins\/seo\/ -->\n<title>Die transeurasische Theorie<\/title>\n<meta name=\"description\" content=\"Die Transeurasische Theorie untersucht die sprachliche Verwandtschaft zwischen T\u00fcrkisch, Mongolisch, Tungusisch, Koreanisch und Japanisch.\" \/>\n<meta name=\"robots\" content=\"index, follow, max-snippet:-1, max-image-preview:large, max-video-preview:-1\" \/>\n<link rel=\"canonical\" href=\"https:\/\/turkvoelker.de\/tr\/die-transeurasische-theorie\/\" \/>\n<meta property=\"og:locale\" content=\"tr_TR\" \/>\n<meta property=\"og:type\" content=\"article\" \/>\n<meta property=\"og:title\" content=\"Die transeurasische Theorie\" \/>\n<meta property=\"og:description\" content=\"Die Transeurasische Theorie untersucht die sprachliche Verwandtschaft zwischen T\u00fcrkisch, Mongolisch, Tungusisch, Koreanisch und Japanisch.\" \/>\n<meta property=\"og:url\" content=\"https:\/\/turkvoelker.de\/tr\/die-transeurasische-theorie\/\" \/>\n<meta property=\"og:site_name\" content=\"Turkv\u00f6lker\" \/>\n<meta property=\"article:modified_time\" content=\"2025-10-12T09:55:12+00:00\" \/>\n<meta property=\"og:image\" content=\"https:\/\/mlpwwkkwzfxv.i.optimole.com\/w:auto\/h:auto\/q:mauto\/ig:avif\/https:\/\/turkvoelker.de\/wp-content\/uploads\/2025\/03\/file-6Gxqa3RZTEd9DUm7vciPdT.webp\" \/>\n\t<meta property=\"og:image:width\" content=\"1792\" \/>\n\t<meta property=\"og:image:height\" content=\"1024\" \/>\n\t<meta property=\"og:image:type\" content=\"image\/webp\" \/>\n<meta name=\"twitter:card\" content=\"summary_large_image\" \/>\n<meta name=\"twitter:label1\" content=\"Tahmini okuma s\u00fcresi\" \/>\n\t<meta name=\"twitter:data1\" content=\"4 dakika\" \/>\n<script type=\"application\/ld+json\" class=\"yoast-schema-graph\">{\"@context\":\"https:\/\/schema.org\",\"@graph\":[{\"@type\":\"WebPage\",\"@id\":\"https:\/\/turkvoelker.de\/die-transeurasische-theorie\/\",\"url\":\"https:\/\/turkvoelker.de\/die-transeurasische-theorie\/\",\"name\":\"Die transeurasische Theorie\",\"isPartOf\":{\"@id\":\"https:\/\/turkvoelker.de\/#website\"},\"primaryImageOfPage\":{\"@id\":\"https:\/\/turkvoelker.de\/die-transeurasische-theorie\/#primaryimage\"},\"image\":{\"@id\":\"https:\/\/turkvoelker.de\/die-transeurasische-theorie\/#primaryimage\"},\"thumbnailUrl\":\"https:\/\/mlpwwkkwzfxv.i.optimole.com\/w:auto\/h:auto\/q:mauto\/ig:avif\/https:\/\/turkvoelker.de\/wp-content\/uploads\/2025\/03\/file-6Gxqa3RZTEd9DUm7vciPdT.webp\",\"datePublished\":\"2025-02-18T14:32:26+00:00\",\"dateModified\":\"2025-10-12T09:55:12+00:00\",\"description\":\"Die Transeurasische Theorie untersucht die sprachliche Verwandtschaft zwischen T\u00fcrkisch, Mongolisch, Tungusisch, Koreanisch und Japanisch.\",\"breadcrumb\":{\"@id\":\"https:\/\/turkvoelker.de\/die-transeurasische-theorie\/#breadcrumb\"},\"inLanguage\":\"tr\",\"potentialAction\":[{\"@type\":\"ReadAction\",\"target\":[\"https:\/\/turkvoelker.de\/die-transeurasische-theorie\/\"]}]},{\"@type\":\"ImageObject\",\"inLanguage\":\"tr\",\"@id\":\"https:\/\/turkvoelker.de\/die-transeurasische-theorie\/#primaryimage\",\"url\":\"https:\/\/mlpwwkkwzfxv.i.optimole.com\/w:auto\/h:auto\/q:mauto\/ig:avif\/https:\/\/turkvoelker.de\/wp-content\/uploads\/2025\/03\/file-6Gxqa3RZTEd9DUm7vciPdT.webp\",\"contentUrl\":\"https:\/\/mlpwwkkwzfxv.i.optimole.com\/w:auto\/h:auto\/q:mauto\/ig:avif\/https:\/\/turkvoelker.de\/wp-content\/uploads\/2025\/03\/file-6Gxqa3RZTEd9DUm7vciPdT.webp\",\"width\":1792,\"height\":1024},{\"@type\":\"BreadcrumbList\",\"@id\":\"https:\/\/turkvoelker.de\/die-transeurasische-theorie\/#breadcrumb\",\"itemListElement\":[{\"@type\":\"ListItem\",\"position\":1,\"name\":\"Startseite\",\"item\":\"https:\/\/turkvoelker.de\/\"},{\"@type\":\"ListItem\",\"position\":2,\"name\":\"Die transeurasische Theorie\"}]},{\"@type\":\"WebSite\",\"@id\":\"https:\/\/turkvoelker.de\/#website\",\"url\":\"https:\/\/turkvoelker.de\/\",\"name\":\"Turkv\u00f6lker\",\"description\":\"Die Enzyklop\u00e4die f\u00fcr Turkologie.\",\"publisher\":{\"@id\":\"https:\/\/turkvoelker.de\/#organization\"},\"potentialAction\":[{\"@type\":\"SearchAction\",\"target\":{\"@type\":\"EntryPoint\",\"urlTemplate\":\"https:\/\/turkvoelker.de\/?s={search_term_string}\"},\"query-input\":{\"@type\":\"PropertyValueSpecification\",\"valueRequired\":true,\"valueName\":\"search_term_string\"}}],\"inLanguage\":\"tr\"},{\"@type\":\"Organization\",\"@id\":\"https:\/\/turkvoelker.de\/#organization\",\"name\":\"Turkv\u00f6lker\",\"url\":\"https:\/\/turkvoelker.de\/\",\"logo\":{\"@type\":\"ImageObject\",\"inLanguage\":\"tr\",\"@id\":\"https:\/\/turkvoelker.de\/#\/schema\/logo\/image\/\",\"url\":\"https:\/\/mlpwwkkwzfxv.i.optimole.com\/w:auto\/h:auto\/q:mauto\/ig:avif\/https:\/\/turkvoelker.de\/wp-content\/uploads\/2025\/03\/favicon.png\",\"contentUrl\":\"https:\/\/mlpwwkkwzfxv.i.optimole.com\/w:auto\/h:auto\/q:mauto\/ig:avif\/https:\/\/turkvoelker.de\/wp-content\/uploads\/2025\/03\/favicon.png\",\"width\":1472,\"height\":832,\"caption\":\"Turkv\u00f6lker\"},\"image\":{\"@id\":\"https:\/\/turkvoelker.de\/#\/schema\/logo\/image\/\"}}]}<\/script>\n<!-- \/ Yoast SEO plugin. -->","yoast_head_json":{"title":"Transeurasyatik teori","description":"Die Transeurasische Theorie untersucht die sprachliche Verwandtschaft zwischen T\u00fcrkisch, Mongolisch, Tungusisch, Koreanisch und Japanisch.","robots":{"index":"index","follow":"follow","max-snippet":"max-snippet:-1","max-image-preview":"max-image-preview:large","max-video-preview":"max-video-preview:-1"},"canonical":"https:\/\/turkvoelker.de\/tr\/die-transeurasische-theorie\/","og_locale":"tr_TR","og_type":"article","og_title":"Die transeurasische Theorie","og_description":"Die Transeurasische Theorie untersucht die sprachliche Verwandtschaft zwischen T\u00fcrkisch, Mongolisch, Tungusisch, Koreanisch und Japanisch.","og_url":"https:\/\/turkvoelker.de\/tr\/die-transeurasische-theorie\/","og_site_name":"Turkv\u00f6lker","article_modified_time":"2025-10-12T09:55:12+00:00","og_image":[{"width":1792,"height":1024,"url":"https:\/\/mlpwwkkwzfxv.i.optimole.com\/w:auto\/h:auto\/q:mauto\/ig:avif\/https:\/\/turkvoelker.de\/wp-content\/uploads\/2025\/03\/file-6Gxqa3RZTEd9DUm7vciPdT.webp","type":"image\/webp"}],"twitter_card":"summary_large_image","twitter_misc":{"Tahmini okuma s\u00fcresi":"4 dakika"},"schema":{"@context":"https:\/\/schema.org","@graph":[{"@type":"WebPage","@id":"https:\/\/turkvoelker.de\/die-transeurasische-theorie\/","url":"https:\/\/turkvoelker.de\/die-transeurasische-theorie\/","name":"Transeurasyatik teori","isPartOf":{"@id":"https:\/\/turkvoelker.de\/#website"},"primaryImageOfPage":{"@id":"https:\/\/turkvoelker.de\/die-transeurasische-theorie\/#primaryimage"},"image":{"@id":"https:\/\/turkvoelker.de\/die-transeurasische-theorie\/#primaryimage"},"thumbnailUrl":"https:\/\/mlpwwkkwzfxv.i.optimole.com\/w:auto\/h:auto\/q:mauto\/ig:avif\/https:\/\/turkvoelker.de\/wp-content\/uploads\/2025\/03\/file-6Gxqa3RZTEd9DUm7vciPdT.webp","datePublished":"2025-02-18T14:32:26+00:00","dateModified":"2025-10-12T09:55:12+00:00","description":"Die Transeurasische Theorie untersucht die sprachliche Verwandtschaft zwischen T\u00fcrkisch, Mongolisch, Tungusisch, Koreanisch und Japanisch.","breadcrumb":{"@id":"https:\/\/turkvoelker.de\/die-transeurasische-theorie\/#breadcrumb"},"inLanguage":"tr","potentialAction":[{"@type":"ReadAction","target":["https:\/\/turkvoelker.de\/die-transeurasische-theorie\/"]}]},{"@type":"ImageObject","inLanguage":"tr","@id":"https:\/\/turkvoelker.de\/die-transeurasische-theorie\/#primaryimage","url":"https:\/\/mlpwwkkwzfxv.i.optimole.com\/w:auto\/h:auto\/q:mauto\/ig:avif\/https:\/\/turkvoelker.de\/wp-content\/uploads\/2025\/03\/file-6Gxqa3RZTEd9DUm7vciPdT.webp","contentUrl":"https:\/\/mlpwwkkwzfxv.i.optimole.com\/w:auto\/h:auto\/q:mauto\/ig:avif\/https:\/\/turkvoelker.de\/wp-content\/uploads\/2025\/03\/file-6Gxqa3RZTEd9DUm7vciPdT.webp","width":1792,"height":1024},{"@type":"BreadcrumbList","@id":"https:\/\/turkvoelker.de\/die-transeurasische-theorie\/#breadcrumb","itemListElement":[{"@type":"ListItem","position":1,"name":"Startseite","item":"https:\/\/turkvoelker.de\/"},{"@type":"ListItem","position":2,"name":"Die transeurasische Theorie"}]},{"@type":"WebSite","@id":"https:\/\/turkvoelker.de\/#website","url":"https:\/\/turkvoelker.de\/","name":"Turkv\u00f6lker","description":"Die Enzyklop\u00e4die f\u00fcr Turkologie.","publisher":{"@id":"https:\/\/turkvoelker.de\/#organization"},"potentialAction":[{"@type":"SearchAction","target":{"@type":"EntryPoint","urlTemplate":"https:\/\/turkvoelker.de\/?s={search_term_string}"},"query-input":{"@type":"PropertyValueSpecification","valueRequired":true,"valueName":"search_term_string"}}],"inLanguage":"tr"},{"@type":"Organization","@id":"https:\/\/turkvoelker.de\/#organization","name":"Turkv\u00f6lker","url":"https:\/\/turkvoelker.de\/","logo":{"@type":"ImageObject","inLanguage":"tr","@id":"https:\/\/turkvoelker.de\/#\/schema\/logo\/image\/","url":"https:\/\/mlpwwkkwzfxv.i.optimole.com\/w:auto\/h:auto\/q:mauto\/ig:avif\/https:\/\/turkvoelker.de\/wp-content\/uploads\/2025\/03\/favicon.png","contentUrl":"https:\/\/mlpwwkkwzfxv.i.optimole.com\/w:auto\/h:auto\/q:mauto\/ig:avif\/https:\/\/turkvoelker.de\/wp-content\/uploads\/2025\/03\/favicon.png","width":1472,"height":832,"caption":"Turkv\u00f6lker"},"image":{"@id":"https:\/\/turkvoelker.de\/#\/schema\/logo\/image\/"}}]}},"_links":{"self":[{"href":"https:\/\/turkvoelker.de\/tr\/wp-json\/wp\/v2\/pages\/65352","targetHints":{"allow":["GET"]}}],"collection":[{"href":"https:\/\/turkvoelker.de\/tr\/wp-json\/wp\/v2\/pages"}],"about":[{"href":"https:\/\/turkvoelker.de\/tr\/wp-json\/wp\/v2\/types\/page"}],"author":[{"embeddable":true,"href":"https:\/\/turkvoelker.de\/tr\/wp-json\/wp\/v2\/users\/1"}],"replies":[{"embeddable":true,"href":"https:\/\/turkvoelker.de\/tr\/wp-json\/wp\/v2\/comments?post=65352"}],"version-history":[{"count":10,"href":"https:\/\/turkvoelker.de\/tr\/wp-json\/wp\/v2\/pages\/65352\/revisions"}],"predecessor-version":[{"id":65825,"href":"https:\/\/turkvoelker.de\/tr\/wp-json\/wp\/v2\/pages\/65352\/revisions\/65825"}],"wp:featuredmedia":[{"embeddable":true,"href":"https:\/\/turkvoelker.de\/tr\/wp-json\/wp\/v2\/media\/65546"}],"wp:attachment":[{"href":"https:\/\/turkvoelker.de\/tr\/wp-json\/wp\/v2\/media?parent=65352"}],"curies":[{"name":"wp","href":"https:\/\/api.w.org\/{rel}","templated":true}]}}