{"id":65424,"date":"2025-03-01T12:41:17","date_gmt":"2025-03-01T11:41:17","guid":{"rendered":"https:\/\/turkvoelker.de\/?page_id=65424"},"modified":"2025-03-01T12:47:15","modified_gmt":"2025-03-01T11:47:15","slug":"impressum","status":"publish","type":"page","link":"https:\/\/turkvoelker.de\/tr\/impressum\/","title":{"rendered":"\u0130leti\u015fim bilgileri"},"content":{"rendered":"<p>Gem\u00e4\u00df \u00a7 5 des Telemediengesetzes TMG<\/p>\n<p>Hamza Demiral und Engin Demiral<br \/>\nGeorgstr. 15a<br \/>\n46149 Oberhausen<br \/>\nGermany<\/p>\n<p>E-Mail: hamza.demiral@outlook.de<br \/>\nWebsite: www.turkvoelker.de<\/p>\n<p>Inhaltlich Verantwortlicher: Hamza Demiral und Engin Demiral<br \/>\nSie haben Fragen oder m\u00f6chten R\u00fccksprache mit uns halten? Gerne k\u00f6nnen Sie uns auch eine Email an folgende Adresse schicken: info@koffer7.de. Zus\u00e4tzlich besteht nat\u00fcrlich auch die M\u00f6glichkeit unser Kontaktformular zu nutzen.<\/p>\n<p>Die EU-Kommission hat eine Internetplattform zur Online-Beilegung von Streitigkeiten (\u201eOS-Plattform\u201c) zwischen Unternehmern und Verbrauchern eingerichtet.<br \/>\nDie OS-Plattform ist erreichbar unter http:\/\/ec.europa.eu\/consumers\/odr\/.<\/p>\n<p>Haftungsausschluss<br \/>\n1. Haftungsbeschr\u00e4nkung<\/p>\n<p>Verantwortlich f\u00fcr dieses Informationsangebot ist der Herausgeber. Die Informationen auf dieser Website wurden mit gro\u00dfer Sorgfalt zusammengestellt. F\u00fcr die Richtigkeit und Vollst\u00e4ndigkeit kann gleichwohl keine Gew\u00e4hr \u00fcbernommen werden. Aus diesem Grund ist jegliche Haftung f\u00fcr eventuelle Sch\u00e4den im Zusammenhang mit der Nutzung des Informationsangebots ausgeschlossen. Durch die blo\u00dfe Nutzung dieser Website kommt keinerlei Vertragsverh\u00e4ltnis zwischen Nutzer und Anbieter\/Herausgeber zustande.<\/p>\n<p>2. Hinweis zum Urheberrecht<\/p>\n<p>Der gesamte Inhalt dieser Website unterliegt dem Urheberrecht. Unerlaubte Verwendung, Reproduktion oder Wiedergabe des Inhalts oder von Teilen des Inhalts ist untersagt. Wegen einer Erlaubnis zur Nutzung des Inhalts wenden Sie sich bitte an den Herausgeber.<\/p>\n<p>3. Hinweis zu externen Links<\/p>\n<p>Soweit von dieser Website auf andere Websites Links gelegt sind, wird darauf hingewiesen, dass keinerlei Einfluss auf die Gestaltung und die Inhalte der gelinkten Seiten besteht und sich deren Inhalt nicht zu Eigen gemacht wird. Dies gilt f\u00fcr alle auf dieser Seite ausgebrachten externen Links und f\u00fcr alle Inhalte der Seiten, zu denen Werbemittel (z.B. Banner, Textanzeigen, Videoanzeigen) f\u00fchren. F\u00fcr verlinkte Seiten gilt, dass rechtswidrige Inhalte zum Zeitpunkt der Verlinkung nicht erkennbar waren. Die Links werden regelm\u00e4\u00dfig auf rechtswidrige Inhalte \u00fcberpr\u00fcft und bei Rechtsverletzungen unverz\u00fcglich entfernt.<\/p>","protected":false},"excerpt":{"rendered":"<p>Gem\u00e4\u00df \u00a7 5 des Telemediengesetzes TMG Hamza Demiral und Engin Demiral Georgstr. 15a 46149 Oberhausen Germany E-Mail: hamza.demiral@outlook.de Website: www.turkvoelker.de Inhaltlich Verantwortlicher: Hamza Demiral und Engin Demiral Sie haben Fragen&hellip;<\/p>","protected":false},"author":1,"featured_media":0,"parent":0,"menu_order":0,"comment_status":"closed","ping_status":"closed","template":"","meta":{"_monsterinsights_skip_tracking":false,"_monsterinsights_sitenote_active":false,"_monsterinsights_sitenote_note":"","_monsterinsights_sitenote_category":0,"_uf_show_specific_survey":0,"_uf_disable_surveys":false,"_themeisle_gutenberg_block_has_review":false,"footnotes":""},"class_list":["post-65424","page","type-page","status-publish","hentry"],"aioseo_notices":[],"featured_image_src":null,"yoast_head":"<!-- This site is optimized with the Yoast SEO plugin v26.1.1 - https:\/\/yoast.com\/wordpress\/plugins\/seo\/ -->\n<title>Impressum - Turkv\u00f6lker<\/title>\n<meta name=\"robots\" content=\"noindex, follow\" \/>\n<meta property=\"og:locale\" content=\"tr_TR\" \/>\n<meta property=\"og:type\" content=\"article\" \/>\n<meta property=\"og:title\" content=\"Impressum - Turkv\u00f6lker\" \/>\n<meta property=\"og:description\" content=\"Gem\u00e4\u00df \u00a7 5 des Telemediengesetzes TMG Hamza Demiral und Engin Demiral Georgstr. 15a 46149 Oberhausen Germany E-Mail: hamza.demiral@outlook.de Website: www.turkvoelker.de Inhaltlich Verantwortlicher: Hamza Demiral und Engin Demiral Sie haben Fragen&hellip;\" \/>\n<meta property=\"og:url\" content=\"https:\/\/turkvoelker.de\/tr\/impressum\/\" \/>\n<meta property=\"og:site_name\" content=\"Turkv\u00f6lker\" \/>\n<meta property=\"article:modified_time\" content=\"2025-03-01T11:47:15+00:00\" \/>\n<meta name=\"twitter:card\" content=\"summary_large_image\" \/>\n<meta name=\"twitter:label1\" content=\"Tahmini okuma s\u00fcresi\" \/>\n\t<meta name=\"twitter:data1\" content=\"2 dakika\" \/>\n<script type=\"application\/ld+json\" class=\"yoast-schema-graph\">{\"@context\":\"https:\/\/schema.org\",\"@graph\":[{\"@type\":\"WebPage\",\"@id\":\"https:\/\/turkvoelker.de\/impressum\/\",\"url\":\"https:\/\/turkvoelker.de\/impressum\/\",\"name\":\"Impressum - Turkv\u00f6lker\",\"isPartOf\":{\"@id\":\"https:\/\/turkvoelker.de\/#website\"},\"datePublished\":\"2025-03-01T11:41:17+00:00\",\"dateModified\":\"2025-03-01T11:47:15+00:00\",\"breadcrumb\":{\"@id\":\"https:\/\/turkvoelker.de\/impressum\/#breadcrumb\"},\"inLanguage\":\"tr\",\"potentialAction\":[{\"@type\":\"ReadAction\",\"target\":[\"https:\/\/turkvoelker.de\/impressum\/\"]}]},{\"@type\":\"BreadcrumbList\",\"@id\":\"https:\/\/turkvoelker.de\/impressum\/#breadcrumb\",\"itemListElement\":[{\"@type\":\"ListItem\",\"position\":1,\"name\":\"Startseite\",\"item\":\"https:\/\/turkvoelker.de\/\"},{\"@type\":\"ListItem\",\"position\":2,\"name\":\"Impressum\"}]},{\"@type\":\"WebSite\",\"@id\":\"https:\/\/turkvoelker.de\/#website\",\"url\":\"https:\/\/turkvoelker.de\/\",\"name\":\"Turkv\u00f6lker\",\"description\":\"Die Enzyklop\u00e4die f\u00fcr Turkologie.\",\"publisher\":{\"@id\":\"https:\/\/turkvoelker.de\/#organization\"},\"potentialAction\":[{\"@type\":\"SearchAction\",\"target\":{\"@type\":\"EntryPoint\",\"urlTemplate\":\"https:\/\/turkvoelker.de\/?s={search_term_string}\"},\"query-input\":{\"@type\":\"PropertyValueSpecification\",\"valueRequired\":true,\"valueName\":\"search_term_string\"}}],\"inLanguage\":\"tr\"},{\"@type\":\"Organization\",\"@id\":\"https:\/\/turkvoelker.de\/#organization\",\"name\":\"Turkv\u00f6lker\",\"url\":\"https:\/\/turkvoelker.de\/\",\"logo\":{\"@type\":\"ImageObject\",\"inLanguage\":\"tr\",\"@id\":\"https:\/\/turkvoelker.de\/#\/schema\/logo\/image\/\",\"url\":\"https:\/\/mlpwwkkwzfxv.i.optimole.com\/w:auto\/h:auto\/q:mauto\/ig:avif\/https:\/\/turkvoelker.de\/wp-content\/uploads\/2025\/03\/favicon.png\",\"contentUrl\":\"https:\/\/mlpwwkkwzfxv.i.optimole.com\/w:auto\/h:auto\/q:mauto\/ig:avif\/https:\/\/turkvoelker.de\/wp-content\/uploads\/2025\/03\/favicon.png\",\"width\":1472,\"height\":832,\"caption\":\"Turkv\u00f6lker\"},\"image\":{\"@id\":\"https:\/\/turkvoelker.de\/#\/schema\/logo\/image\/\"}}]}<\/script>\n<!-- \/ Yoast SEO plugin. -->","yoast_head_json":{"title":"Impressum - Turkv\u00f6lker","robots":{"index":"noindex","follow":"follow"},"og_locale":"tr_TR","og_type":"article","og_title":"Impressum - Turkv\u00f6lker","og_description":"Gem\u00e4\u00df \u00a7 5 des Telemediengesetzes TMG Hamza Demiral und Engin Demiral Georgstr. 15a 46149 Oberhausen Germany E-Mail: hamza.demiral@outlook.de Website: www.turkvoelker.de Inhaltlich Verantwortlicher: Hamza Demiral und Engin Demiral Sie haben Fragen&hellip;","og_url":"https:\/\/turkvoelker.de\/tr\/impressum\/","og_site_name":"Turkv\u00f6lker","article_modified_time":"2025-03-01T11:47:15+00:00","twitter_card":"summary_large_image","twitter_misc":{"Tahmini okuma s\u00fcresi":"2 dakika"},"schema":{"@context":"https:\/\/schema.org","@graph":[{"@type":"WebPage","@id":"https:\/\/turkvoelker.de\/impressum\/","url":"https:\/\/turkvoelker.de\/impressum\/","name":"Impressum - Turkv\u00f6lker","isPartOf":{"@id":"https:\/\/turkvoelker.de\/#website"},"datePublished":"2025-03-01T11:41:17+00:00","dateModified":"2025-03-01T11:47:15+00:00","breadcrumb":{"@id":"https:\/\/turkvoelker.de\/impressum\/#breadcrumb"},"inLanguage":"tr","potentialAction":[{"@type":"ReadAction","target":["https:\/\/turkvoelker.de\/impressum\/"]}]},{"@type":"BreadcrumbList","@id":"https:\/\/turkvoelker.de\/impressum\/#breadcrumb","itemListElement":[{"@type":"ListItem","position":1,"name":"Startseite","item":"https:\/\/turkvoelker.de\/"},{"@type":"ListItem","position":2,"name":"Impressum"}]},{"@type":"WebSite","@id":"https:\/\/turkvoelker.de\/#website","url":"https:\/\/turkvoelker.de\/","name":"Turkv\u00f6lker","description":"Die Enzyklop\u00e4die f\u00fcr Turkologie.","publisher":{"@id":"https:\/\/turkvoelker.de\/#organization"},"potentialAction":[{"@type":"SearchAction","target":{"@type":"EntryPoint","urlTemplate":"https:\/\/turkvoelker.de\/?s={search_term_string}"},"query-input":{"@type":"PropertyValueSpecification","valueRequired":true,"valueName":"search_term_string"}}],"inLanguage":"tr"},{"@type":"Organization","@id":"https:\/\/turkvoelker.de\/#organization","name":"Turkv\u00f6lker","url":"https:\/\/turkvoelker.de\/","logo":{"@type":"ImageObject","inLanguage":"tr","@id":"https:\/\/turkvoelker.de\/#\/schema\/logo\/image\/","url":"https:\/\/mlpwwkkwzfxv.i.optimole.com\/w:auto\/h:auto\/q:mauto\/ig:avif\/https:\/\/turkvoelker.de\/wp-content\/uploads\/2025\/03\/favicon.png","contentUrl":"https:\/\/mlpwwkkwzfxv.i.optimole.com\/w:auto\/h:auto\/q:mauto\/ig:avif\/https:\/\/turkvoelker.de\/wp-content\/uploads\/2025\/03\/favicon.png","width":1472,"height":832,"caption":"Turkv\u00f6lker"},"image":{"@id":"https:\/\/turkvoelker.de\/#\/schema\/logo\/image\/"}}]}},"_links":{"self":[{"href":"https:\/\/turkvoelker.de\/tr\/wp-json\/wp\/v2\/pages\/65424","targetHints":{"allow":["GET"]}}],"collection":[{"href":"https:\/\/turkvoelker.de\/tr\/wp-json\/wp\/v2\/pages"}],"about":[{"href":"https:\/\/turkvoelker.de\/tr\/wp-json\/wp\/v2\/types\/page"}],"author":[{"embeddable":true,"href":"https:\/\/turkvoelker.de\/tr\/wp-json\/wp\/v2\/users\/1"}],"replies":[{"embeddable":true,"href":"https:\/\/turkvoelker.de\/tr\/wp-json\/wp\/v2\/comments?post=65424"}],"version-history":[{"count":2,"href":"https:\/\/turkvoelker.de\/tr\/wp-json\/wp\/v2\/pages\/65424\/revisions"}],"predecessor-version":[{"id":65432,"href":"https:\/\/turkvoelker.de\/tr\/wp-json\/wp\/v2\/pages\/65424\/revisions\/65432"}],"wp:attachment":[{"href":"https:\/\/turkvoelker.de\/tr\/wp-json\/wp\/v2\/media?parent=65424"}],"curies":[{"name":"wp","href":"https:\/\/api.w.org\/{rel}","templated":true}]}}