{"id":65561,"date":"2025-03-08T12:23:42","date_gmt":"2025-03-08T11:23:42","guid":{"rendered":"https:\/\/turkvoelker.de\/?page_id=65561"},"modified":"2025-12-22T13:50:30","modified_gmt":"2025-12-22T12:50:30","slug":"organisation-der-turkstaaten","status":"publish","type":"page","link":"https:\/\/turkvoelker.de\/tr\/organisation-der-turkstaaten\/","title":{"rendered":"Organisation der Turkstaaten"},"content":{"rendered":"<p><strong>Die Organisation der Turkstaaten (OTS) (t\u00fcrkisch\u00a0<em>\u201eT\u00fcrk Devletleri Te\u015fkilat\u0131\u201d)<\/em> wurde am 3. Oktober 2009 als T\u00fcrkischer Rat gegr\u00fcndet und erhielt 2021 ihren heutigen Namen. Ihr Hauptsitz ist Istanbul und der Generalsekret\u00e4r ist der kirgisische <em>Kubanytschbek \u00d6m\u00fcralijew<\/em>.\u00a0<\/strong><\/p>\n<figure id=\"attachment_65562\" aria-describedby=\"caption-attachment-65562\" style=\"width: 2560px\" class=\"wp-caption alignnone\"><img data-opt-id=1077786240  fetchpriority=\"high\" decoding=\"async\" class=\"size-full wp-image-65562\" src=\"https:\/\/mlpwwkkwzfxv.i.optimole.com\/w:auto\/h:auto\/q:mauto\/ig:avif\/https:\/\/turkvoelker.de\/wp-content\/uploads\/2025\/03\/Flag_of_the_Organization_of_Turkic_States-e57058.svg\" alt=\"\" width=\"2560\" height=\"1704\" \/><figcaption id=\"caption-attachment-65562\" class=\"wp-caption-text\">Heutige Flagge der Organisation der Turkstaaten.<\/figcaption><\/figure>\n<h3>Mitglieder<\/h3>\n<ul>\n<li>T\u00fcrkei \ud83c\uddf9\ud83c\uddf7<\/li>\n<li>Aserbaidschan \ud83c\udde6\ud83c\uddff<\/li>\n<li>Kasachstan \ud83c\uddf0\ud83c\uddff<\/li>\n<li>Kirgistan \ud83c\uddf0\ud83c\uddec<\/li>\n<li>Usbekistan \ud83c\uddfa\ud83c\uddff<\/li>\n<\/ul>\n<h3>Beobachterstaaten<\/h3>\n<ul>\n<li>Turkmenistan \ud83c\uddf9\ud83c\uddf2<\/li>\n<li>Ungarn \ud83c\udded\ud83c\uddfa<\/li>\n<li>T\u00fcrkische Republik Nordzypern<\/li>\n<\/ul>\n<h3>Generalsekret\u00e4re<\/h3>\n<ul>\n<li>Halil Ak\u0131nc\u0131 \ud83c\uddf9\ud83c\uddf7 (September 2010 &#8211; September 2014)<\/li>\n<li>Ramil Hasanov \ud83c\udde6\ud83c\uddff (September 2014 &#8211; September 2018)<\/li>\n<li>Baghdat \u00c4mirejevw \ud83c\uddf0\ud83c\uddff (September 2018 &#8211; November 2022)<\/li>\n<li>\u00d6mer Kocaman \ud83c\uddf9\ud83c\uddf7 (Stellvertretender Generalsekret\u00e4r) (2015-Heute)<\/li>\n<li>Kubanytschbek \u00d6m\u00fcralijew \ud83c\uddf0\ud83c\uddec (November 2022 &#8211; Heute)<\/li>\n<\/ul>\n<h1>halklar\u0131n\u0131n<\/h1>\n<p>Alle Gipfeltreffen zusammengefasst:<\/p>\n<ol>\n<li>Das 1. Gipfeltreffen der Organisation der Turkstaaten fand am 20.\u201321. Oktober 2011 in Almaty, Kasachstan, statt. Die Mitgliedsstaaten diskutierten \u00fcber wirtschaftliche Integration, kulturelle Zusammenarbeit und politische Koordination.<\/li>\n<li>\u00a0Das 2. Gipfeltreffen der OTS fand am 22. August 2012 in Bischkek, Kirgisistan, statt. Die Teilnehmer betonten die Bedeutung gemeinsamer Projekte zur Steigerung des Handelsvolumens und zur F\u00f6rderung des Tourismus in der Region.<\/li>\n<li>Das 3. Gipfeltreffen der Organisation der Turkstaaten fand am 15.\u201316. August 2013 in\u00a0 Gabala, Aserbaidschan, statt. Es wurden Ma\u00dfnahmen zur Verbesserung der Energieinfrastruktur und zur Steigerung der Energieeffizienz beschlossen.<\/li>\n<li>Das 4. Gipfeltreffen der OTS fand am 5. Juni 2014 in Bodrum, T\u00fcrkei, statt. Die Teilnehmer einigten sich auf die Einrichtung gemeinsamer Bildungsprogramme und den Austausch von Studierenden und Forschern.<\/li>\n<li>Das 5. Gipfeltreffen der Organisation der Turkstaaten fand am 11. September 2015 in Astana, Kasachstan, statt. Die Staats- und Regierungschefs betonten die Bedeutung gemeinsamer Projekte in den Bereichen Handel, Investitionen, Verkehr und Kommunikation, um das Wachstum und die Integration in der Region zu f\u00f6rdern.<\/li>\n<li>Das 6. Gipfeltreffen der Organisation der Turkstaaten fand am 3. September 2018 in Cholpon-Ata, Kirgistan, statt. Es wurden Ma\u00dfnahmen zur Entwicklung digitaler Infrastrukturen und zur F\u00f6rderung umweltfreundlicher Technologien beschlossen.<\/li>\n<li>Das 7. Gipfeltreffen der OTS fand am 15. Oktober 2019 in Baku, Aserbaidschan, statt. Im Fokus standen die St\u00e4rkung der Handelsbeziehungen, die F\u00f6rderung von Investitionen und die Zusammenarbeit im Tourismussektor.<\/li>\n<li>Das 8. Gipfeltreffen der OTS fand am 12. November 2021 in Istanbul, T\u00fcrkei, statt. Bei diesem Treffen unterzeichneten die Staatsoberh\u00e4upter der Mitgliedsstaaten die &#8222;Turkic World Vision 2040&#8220;, eine gemeinsame Absichtserkl\u00e4rung, die die Eckwerte und Rahmenbedingungen f\u00fcr die Zusammenarbeit bis 2040 festlegt. Die Schwerpunkte dieser Vision umfassen politische und Sicherheitszusammenarbeit, wirtschaftliche und sektorbezogene Kooperation, den Austausch zwischen den B\u00fcrgern sowie die Zusammenarbeit mit externen Organisationen.<\/li>\n<li>Das 9. Gipfeltreffen der OTS fand am 11. November 2022 in Samarkand, Usbekistan, statt. Die Teilnehmer betonten die Bedeutung der wirtschaftlichen Integration, die F\u00f6rderung des Handels und die Verbesserung der Verkehrsinfrastruktur<\/li>\n<li>Das 10. Gipfeltreffen der OTS fand am 3. November 2023 in Astana, Kasachstan, statt. Unter dem Motto &#8222;T\u00fcrkische \u00c4ra&#8220; diskutierten die Staatsoberh\u00e4upter \u00fcber die Vertiefung der wirtschaftlichen Zusammenarbeit, die F\u00f6rderung kultureller Bindungen und die St\u00e4rkung der politischen Beziehungen.<\/li>\n<\/ol>\n<p>&nbsp;<\/p>\n<figure id=\"attachment_65579\" aria-describedby=\"caption-attachment-65579\" style=\"width: 300px\" class=\"wp-caption alignnone\"><img data-opt-id=1081612179  fetchpriority=\"high\" decoding=\"async\" class=\"size-medium wp-image-65579\" src=\"https:\/\/mlpwwkkwzfxv.i.optimole.com\/w:300\/h:166\/q:mauto\/ig:avif\/https:\/\/turkvoelker.de\/wp-content\/uploads\/2025\/03\/Screenshot-10.png\" alt=\"\" width=\"300\" height=\"166\" srcset=\"https:\/\/mlpwwkkwzfxv.i.optimole.com\/w:300\/h:166\/q:mauto\/ig:avif\/https:\/\/turkvoelker.de\/wp-content\/uploads\/2025\/03\/Screenshot-10.png 300w, https:\/\/mlpwwkkwzfxv.i.optimole.com\/w:768\/h:424\/q:mauto\/ig:avif\/https:\/\/turkvoelker.de\/wp-content\/uploads\/2025\/03\/Screenshot-10.png 768w, https:\/\/mlpwwkkwzfxv.i.optimole.com\/w:370\/h:204\/q:mauto\/ig:avif\/https:\/\/turkvoelker.de\/wp-content\/uploads\/2025\/03\/Screenshot-10.png 370w, https:\/\/mlpwwkkwzfxv.i.optimole.com\/w:840\/h:464\/q:mauto\/ig:avif\/https:\/\/turkvoelker.de\/wp-content\/uploads\/2025\/03\/Screenshot-10.png 840w, https:\/\/mlpwwkkwzfxv.i.optimole.com\/w:410\/h:226\/q:mauto\/ig:avif\/https:\/\/turkvoelker.de\/wp-content\/uploads\/2025\/03\/Screenshot-10.png 410w, https:\/\/mlpwwkkwzfxv.i.optimole.com\/w:907\/h:501\/q:mauto\/ig:avif\/https:\/\/turkvoelker.de\/wp-content\/uploads\/2025\/03\/Screenshot-10.png 907w\" sizes=\"(max-width: 300px) 100vw, 300px\" \/><figcaption id=\"caption-attachment-65579\" class=\"wp-caption-text\">10. Gipfeltreffen der OTS<\/figcaption><\/figure>\n<p>11. Das 11. Gipfeltreffen der Organisation der Turkstaaten fand am 6. November 2024 in Bischkek statt. Im Mittelpunkt standen die Vertiefung der wirtschaftlichen Zusammenarbeit, digitale Transformation, nachhaltige Entwicklung und Sicherheit. Die Staats- und Regierungschefs verabschiedeten die Bischkek-Deklaration sowie mehrere Abkommen, unter anderem zur digitalen Wirtschaft, gr\u00fcnen Entwicklung und Krisen- und Katastrophenhilfe. Der Gipfel st\u00e4rkte die institutionelle Zusammenarbeit der OTS und unterstrich ihren wachsenden regionalen und internationalen Einfluss.<\/p>\n<p>12. Das 12. Gipfeltreffen der Organisation der Turkstaaten fand 2025 in Baku, Aserbaidschan statt und konzentrierte sich auf regionale Sicherheit, politische Koordination und vertiefte Zusammenarbeit.\u00a0Aserbaidschan \u00fcbernahm zudem den Vorsitz der Organisation.<\/p>\n<article class=\"text-token-text-primary w-full focus:outline-none [--shadow-height:45px] has-data-writing-block:pointer-events-none has-data-writing-block:-mt-(--shadow-height) has-data-writing-block:pt-(--shadow-height) [&amp;:has([data-writing-block])&gt;*]:pointer-events-auto scroll-mt-[calc(var(--header-height)+min(200px,max(70px,20svh)))]\" dir=\"auto\" tabindex=\"-1\" data-turn-id=\"request-WEB:29015660-a695-43b9-8639-696d0c1b1cca-4\" data-testid=\"conversation-turn-10\" data-scroll-anchor=\"false\" data-turn=\"assistant\">\n<div class=\"text-base my-auto mx-auto [--thread-content-margin:--spacing(4)] @w-sm\/main:[--thread-content-margin:--spacing(6)] @w-lg\/main:[--thread-content-margin:--spacing(16)] px-(--thread-content-margin)\">\n<div class=\"[--thread-content-max-width:40rem] @w-lg\/main:[--thread-content-max-width:48rem] mx-auto max-w-(--thread-content-max-width) flex-1 group\/turn-messages focus-visible:outline-hidden relative flex w-full min-w-0 flex-col agent-turn\" tabindex=\"-1\">\n<div class=\"z-0 flex min-h-[46px] justify-start\"><\/div>\n<\/div>\n<\/div>\n<\/article>\n<div class=\"mt-3 w-full empty:hidden\">\n<div class=\"text-center\">\n<div>\n<div class=\"inline-flex border border-gray-100 dark:border-gray-700 rounded-xl\">\n<div class=\"text-token-text-secondary flex items-center justify-center gap-4 px-4 py-2.5 text-sm whitespace-nowrap\"><\/div>\n<\/div>\n<\/div>\n<\/div>\n<\/div>\n<div class=\"z-0 flex min-h-[46px] justify-start\"><\/div>\n<div class=\"mt-3 w-full empty:hidden\">\n<div class=\"text-center\">\n<div>\n<div class=\"inline-flex border border-gray-100 dark:border-gray-700 rounded-xl\">\n<div class=\"text-token-text-secondary flex items-center justify-center gap-4 px-4 py-2.5 text-sm whitespace-nowrap\"><\/div>\n<\/div>\n<\/div>\n<\/div>\n<\/div>\n<hr \/>\n<h1>Kaynaklar<\/h1>\n<ul>\n<li>www.trtdeutsch.com, Die t\u00fcrkische Welt nachdem Gipfel: Einheit f\u00fcr Fortschritt und Frieden<\/li>\n<li>de.wikipedia.org, Organisation der Turkstaaten &#8211; Wikipedia<\/li>\n<li>novastan.org, 10. Gipfeltreffen der Organisation der Turkstaaten: Neue Wege der Zusammenarbeit sind gefragt<\/li>\n<li>caucasuswatch.de, Ilham Alijew nimmt an au\u00dferordentlichem Gipfel der Organisation der Turkstaaten teil<\/li>\n<li>www.mfa.gov.tr, <span class=\"lead\">Treffen von Aussenminister Mevl\u00fct \u00c7avu\u015fo\u011flu mit dem Generalsekret\u00e4r der Organisation der Turkstaaten Kubanychbek Omuraliev, 14. M\u00e4rz 2023, Ankara<\/span><\/li>\n<li>novastan.org, Das gro\u00dfe Turkestan\u201c \u2013 Mythos oder Perspektive?<\/li>\n<li>laender-analysen.de, (PDF) Zentralasien-Analysen<\/li>\n<li>de.wikipedia.org, Turkstaat-Wikipedia<\/li>\n<li>www.mfa.gov.tr, <span class=\"lead\">Nr.241, 3. Oktober 2023, Pressemitteilung zum 3. Oktober \u201cTag der Zusammenarbeit der Turkstaaten\u201d<\/span><\/li>\n<\/ul>\n<p>&nbsp;<\/p>","protected":false},"excerpt":{"rendered":"<p>Die Organisation der Turkstaaten (OTS) (t\u00fcrkisch\u00a0\u201eT\u00fcrk Devletleri Te\u015fkilat\u0131\u201d) wurde am 3. Oktober 2009 als T\u00fcrkischer Rat gegr\u00fcndet und erhielt 2021 ihren heutigen Namen. Ihr Hauptsitz ist Istanbul und der Generalsekret\u00e4r&hellip;<\/p>","protected":false},"author":1,"featured_media":65562,"parent":0,"menu_order":0,"comment_status":"closed","ping_status":"closed","template":"","meta":{"_monsterinsights_skip_tracking":false,"_monsterinsights_sitenote_active":false,"_monsterinsights_sitenote_note":"","_monsterinsights_sitenote_category":0,"_uf_show_specific_survey":0,"_uf_disable_surveys":false,"_themeisle_gutenberg_block_has_review":false,"footnotes":""},"class_list":["post-65561","page","type-page","status-publish","has-post-thumbnail","hentry"],"aioseo_notices":[],"featured_image_src":"https:\/\/mlpwwkkwzfxv.i.optimole.com\/w:auto\/h:auto\/q:mauto\/ig:avif\/https:\/\/turkvoelker.de\/wp-content\/uploads\/2025\/03\/Flag_of_the_Organization_of_Turkic_States-e57058.svg","yoast_head":"<!-- This site is optimized with the Yoast SEO plugin v26.1.1 - https:\/\/yoast.com\/wordpress\/plugins\/seo\/ -->\n<title>Organisation der Turkstaaten - Turkv\u00f6lker<\/title>\n<meta name=\"description\" content=\"Die Organisation der Turkstaaten (OTS) (t\u00fcrkisch\u00a0\u201eT\u00fcrk Devletleri Te\u015fkilat\u0131\u201d) wurde am 3. Oktober 2009 gegr\u00fcndet.\" \/>\n<meta name=\"robots\" content=\"index, follow, max-snippet:-1, max-image-preview:large, max-video-preview:-1\" \/>\n<link rel=\"canonical\" href=\"https:\/\/turkvoelker.de\/tr\/organisation-der-turkstaaten\/\" \/>\n<meta property=\"og:locale\" content=\"tr_TR\" \/>\n<meta property=\"og:type\" content=\"article\" \/>\n<meta property=\"og:title\" content=\"Organisation der Turkstaaten - Turkv\u00f6lker\" \/>\n<meta property=\"og:description\" content=\"Die Organisation der Turkstaaten (OTS) (t\u00fcrkisch\u00a0\u201eT\u00fcrk Devletleri Te\u015fkilat\u0131\u201d) wurde am 3. Oktober 2009 gegr\u00fcndet.\" \/>\n<meta property=\"og:url\" content=\"https:\/\/turkvoelker.de\/tr\/organisation-der-turkstaaten\/\" \/>\n<meta property=\"og:site_name\" content=\"Turkv\u00f6lker\" \/>\n<meta property=\"article:modified_time\" content=\"2025-12-22T12:50:30+00:00\" \/>\n<meta name=\"twitter:card\" content=\"summary_large_image\" \/>\n<meta name=\"twitter:label1\" content=\"Tahmini okuma s\u00fcresi\" \/>\n\t<meta name=\"twitter:data1\" content=\"5 dakika\" \/>\n<script type=\"application\/ld+json\" class=\"yoast-schema-graph\">{\"@context\":\"https:\/\/schema.org\",\"@graph\":[{\"@type\":\"WebPage\",\"@id\":\"https:\/\/turkvoelker.de\/organisation-der-turkstaaten\/\",\"url\":\"https:\/\/turkvoelker.de\/organisation-der-turkstaaten\/\",\"name\":\"Organisation der Turkstaaten - Turkv\u00f6lker\",\"isPartOf\":{\"@id\":\"https:\/\/turkvoelker.de\/#website\"},\"primaryImageOfPage\":{\"@id\":\"https:\/\/turkvoelker.de\/organisation-der-turkstaaten\/#primaryimage\"},\"image\":{\"@id\":\"https:\/\/turkvoelker.de\/organisation-der-turkstaaten\/#primaryimage\"},\"thumbnailUrl\":\"https:\/\/mlpwwkkwzfxv.i.optimole.com\/w:auto\/h:auto\/q:mauto\/ig:avif\/https:\/\/turkvoelker.de\/wp-content\/uploads\/2025\/03\/Flag_of_the_Organization_of_Turkic_States-e57058.svg\",\"datePublished\":\"2025-03-08T11:23:42+00:00\",\"dateModified\":\"2025-12-22T12:50:30+00:00\",\"description\":\"Die Organisation der Turkstaaten (OTS) (t\u00fcrkisch\u00a0\u201eT\u00fcrk Devletleri Te\u015fkilat\u0131\u201d) wurde am 3. Oktober 2009 gegr\u00fcndet.\",\"breadcrumb\":{\"@id\":\"https:\/\/turkvoelker.de\/organisation-der-turkstaaten\/#breadcrumb\"},\"inLanguage\":\"tr\",\"potentialAction\":[{\"@type\":\"ReadAction\",\"target\":[\"https:\/\/turkvoelker.de\/organisation-der-turkstaaten\/\"]}]},{\"@type\":\"ImageObject\",\"inLanguage\":\"tr\",\"@id\":\"https:\/\/turkvoelker.de\/organisation-der-turkstaaten\/#primaryimage\",\"url\":\"https:\/\/mlpwwkkwzfxv.i.optimole.com\/w:auto\/h:auto\/q:mauto\/ig:avif\/https:\/\/turkvoelker.de\/wp-content\/uploads\/2025\/03\/Flag_of_the_Organization_of_Turkic_States-e57058.svg\",\"contentUrl\":\"https:\/\/mlpwwkkwzfxv.i.optimole.com\/w:auto\/h:auto\/q:mauto\/ig:avif\/https:\/\/turkvoelker.de\/wp-content\/uploads\/2025\/03\/Flag_of_the_Organization_of_Turkic_States-e57058.svg\",\"width\":2560,\"height\":1704,\"caption\":\"Heutige Flagge der Organisation der Turkstaaten.\"},{\"@type\":\"BreadcrumbList\",\"@id\":\"https:\/\/turkvoelker.de\/organisation-der-turkstaaten\/#breadcrumb\",\"itemListElement\":[{\"@type\":\"ListItem\",\"position\":1,\"name\":\"Startseite\",\"item\":\"https:\/\/turkvoelker.de\/\"},{\"@type\":\"ListItem\",\"position\":2,\"name\":\"Organisation der Turkstaaten\"}]},{\"@type\":\"WebSite\",\"@id\":\"https:\/\/turkvoelker.de\/#website\",\"url\":\"https:\/\/turkvoelker.de\/\",\"name\":\"Turkv\u00f6lker\",\"description\":\"Die Enzyklop\u00e4die f\u00fcr Turkologie.\",\"publisher\":{\"@id\":\"https:\/\/turkvoelker.de\/#organization\"},\"potentialAction\":[{\"@type\":\"SearchAction\",\"target\":{\"@type\":\"EntryPoint\",\"urlTemplate\":\"https:\/\/turkvoelker.de\/?s={search_term_string}\"},\"query-input\":{\"@type\":\"PropertyValueSpecification\",\"valueRequired\":true,\"valueName\":\"search_term_string\"}}],\"inLanguage\":\"tr\"},{\"@type\":\"Organization\",\"@id\":\"https:\/\/turkvoelker.de\/#organization\",\"name\":\"Turkv\u00f6lker\",\"url\":\"https:\/\/turkvoelker.de\/\",\"logo\":{\"@type\":\"ImageObject\",\"inLanguage\":\"tr\",\"@id\":\"https:\/\/turkvoelker.de\/#\/schema\/logo\/image\/\",\"url\":\"https:\/\/mlpwwkkwzfxv.i.optimole.com\/w:auto\/h:auto\/q:mauto\/ig:avif\/https:\/\/turkvoelker.de\/wp-content\/uploads\/2025\/03\/favicon.png\",\"contentUrl\":\"https:\/\/mlpwwkkwzfxv.i.optimole.com\/w:auto\/h:auto\/q:mauto\/ig:avif\/https:\/\/turkvoelker.de\/wp-content\/uploads\/2025\/03\/favicon.png\",\"width\":1472,\"height\":832,\"caption\":\"Turkv\u00f6lker\"},\"image\":{\"@id\":\"https:\/\/turkvoelker.de\/#\/schema\/logo\/image\/\"}}]}<\/script>\n<!-- \/ Yoast SEO plugin. -->","yoast_head_json":{"title":"Organisation der Turkstaaten - Turkv\u00f6lker","description":"Die Organisation der Turkstaaten (OTS) (t\u00fcrkisch\u00a0\u201eT\u00fcrk Devletleri Te\u015fkilat\u0131\u201d) wurde am 3. Oktober 2009 gegr\u00fcndet.","robots":{"index":"index","follow":"follow","max-snippet":"max-snippet:-1","max-image-preview":"max-image-preview:large","max-video-preview":"max-video-preview:-1"},"canonical":"https:\/\/turkvoelker.de\/tr\/organisation-der-turkstaaten\/","og_locale":"tr_TR","og_type":"article","og_title":"Organisation der Turkstaaten - Turkv\u00f6lker","og_description":"Die Organisation der Turkstaaten (OTS) (t\u00fcrkisch\u00a0\u201eT\u00fcrk Devletleri Te\u015fkilat\u0131\u201d) wurde am 3. Oktober 2009 gegr\u00fcndet.","og_url":"https:\/\/turkvoelker.de\/tr\/organisation-der-turkstaaten\/","og_site_name":"Turkv\u00f6lker","article_modified_time":"2025-12-22T12:50:30+00:00","twitter_card":"summary_large_image","twitter_misc":{"Tahmini okuma s\u00fcresi":"5 dakika"},"schema":{"@context":"https:\/\/schema.org","@graph":[{"@type":"WebPage","@id":"https:\/\/turkvoelker.de\/organisation-der-turkstaaten\/","url":"https:\/\/turkvoelker.de\/organisation-der-turkstaaten\/","name":"Organisation der Turkstaaten - Turkv\u00f6lker","isPartOf":{"@id":"https:\/\/turkvoelker.de\/#website"},"primaryImageOfPage":{"@id":"https:\/\/turkvoelker.de\/organisation-der-turkstaaten\/#primaryimage"},"image":{"@id":"https:\/\/turkvoelker.de\/organisation-der-turkstaaten\/#primaryimage"},"thumbnailUrl":"https:\/\/mlpwwkkwzfxv.i.optimole.com\/w:auto\/h:auto\/q:mauto\/ig:avif\/https:\/\/turkvoelker.de\/wp-content\/uploads\/2025\/03\/Flag_of_the_Organization_of_Turkic_States-e57058.svg","datePublished":"2025-03-08T11:23:42+00:00","dateModified":"2025-12-22T12:50:30+00:00","description":"Die Organisation der Turkstaaten (OTS) (t\u00fcrkisch\u00a0\u201eT\u00fcrk Devletleri Te\u015fkilat\u0131\u201d) wurde am 3. Oktober 2009 gegr\u00fcndet.","breadcrumb":{"@id":"https:\/\/turkvoelker.de\/organisation-der-turkstaaten\/#breadcrumb"},"inLanguage":"tr","potentialAction":[{"@type":"ReadAction","target":["https:\/\/turkvoelker.de\/organisation-der-turkstaaten\/"]}]},{"@type":"ImageObject","inLanguage":"tr","@id":"https:\/\/turkvoelker.de\/organisation-der-turkstaaten\/#primaryimage","url":"https:\/\/mlpwwkkwzfxv.i.optimole.com\/w:auto\/h:auto\/q:mauto\/ig:avif\/https:\/\/turkvoelker.de\/wp-content\/uploads\/2025\/03\/Flag_of_the_Organization_of_Turkic_States-e57058.svg","contentUrl":"https:\/\/mlpwwkkwzfxv.i.optimole.com\/w:auto\/h:auto\/q:mauto\/ig:avif\/https:\/\/turkvoelker.de\/wp-content\/uploads\/2025\/03\/Flag_of_the_Organization_of_Turkic_States-e57058.svg","width":2560,"height":1704,"caption":"Heutige Flagge der Organisation der Turkstaaten."},{"@type":"BreadcrumbList","@id":"https:\/\/turkvoelker.de\/organisation-der-turkstaaten\/#breadcrumb","itemListElement":[{"@type":"ListItem","position":1,"name":"Startseite","item":"https:\/\/turkvoelker.de\/"},{"@type":"ListItem","position":2,"name":"Organisation der Turkstaaten"}]},{"@type":"WebSite","@id":"https:\/\/turkvoelker.de\/#website","url":"https:\/\/turkvoelker.de\/","name":"Turkv\u00f6lker","description":"Die Enzyklop\u00e4die f\u00fcr Turkologie.","publisher":{"@id":"https:\/\/turkvoelker.de\/#organization"},"potentialAction":[{"@type":"SearchAction","target":{"@type":"EntryPoint","urlTemplate":"https:\/\/turkvoelker.de\/?s={search_term_string}"},"query-input":{"@type":"PropertyValueSpecification","valueRequired":true,"valueName":"search_term_string"}}],"inLanguage":"tr"},{"@type":"Organization","@id":"https:\/\/turkvoelker.de\/#organization","name":"Turkv\u00f6lker","url":"https:\/\/turkvoelker.de\/","logo":{"@type":"ImageObject","inLanguage":"tr","@id":"https:\/\/turkvoelker.de\/#\/schema\/logo\/image\/","url":"https:\/\/mlpwwkkwzfxv.i.optimole.com\/w:auto\/h:auto\/q:mauto\/ig:avif\/https:\/\/turkvoelker.de\/wp-content\/uploads\/2025\/03\/favicon.png","contentUrl":"https:\/\/mlpwwkkwzfxv.i.optimole.com\/w:auto\/h:auto\/q:mauto\/ig:avif\/https:\/\/turkvoelker.de\/wp-content\/uploads\/2025\/03\/favicon.png","width":1472,"height":832,"caption":"Turkv\u00f6lker"},"image":{"@id":"https:\/\/turkvoelker.de\/#\/schema\/logo\/image\/"}}]}},"_links":{"self":[{"href":"https:\/\/turkvoelker.de\/tr\/wp-json\/wp\/v2\/pages\/65561","targetHints":{"allow":["GET"]}}],"collection":[{"href":"https:\/\/turkvoelker.de\/tr\/wp-json\/wp\/v2\/pages"}],"about":[{"href":"https:\/\/turkvoelker.de\/tr\/wp-json\/wp\/v2\/types\/page"}],"author":[{"embeddable":true,"href":"https:\/\/turkvoelker.de\/tr\/wp-json\/wp\/v2\/users\/1"}],"replies":[{"embeddable":true,"href":"https:\/\/turkvoelker.de\/tr\/wp-json\/wp\/v2\/comments?post=65561"}],"version-history":[{"count":10,"href":"https:\/\/turkvoelker.de\/tr\/wp-json\/wp\/v2\/pages\/65561\/revisions"}],"predecessor-version":[{"id":65960,"href":"https:\/\/turkvoelker.de\/tr\/wp-json\/wp\/v2\/pages\/65561\/revisions\/65960"}],"wp:featuredmedia":[{"embeddable":true,"href":"https:\/\/turkvoelker.de\/tr\/wp-json\/wp\/v2\/media\/65562"}],"wp:attachment":[{"href":"https:\/\/turkvoelker.de\/tr\/wp-json\/wp\/v2\/media?parent=65561"}],"curies":[{"name":"wp","href":"https:\/\/api.w.org\/{rel}","templated":true}]}}