{"id":65644,"date":"2025-03-12T15:54:49","date_gmt":"2025-03-12T14:54:49","guid":{"rendered":"https:\/\/turkvoelker.de\/?page_id=65644"},"modified":"2025-06-20T12:12:36","modified_gmt":"2025-06-20T10:12:36","slug":"die-schlacht-von-baideng","status":"publish","type":"page","link":"https:\/\/turkvoelker.de\/tr\/die-schlacht-von-baideng\/","title":{"rendered":"Baideng Muharebesi"},"content":{"rendered":"<p><strong>Die Schlacht von Baideng war ein bedeutendes milit\u00e4risches Ereignis im Jahr 200 v. Chr. zwischen Han-China unter Kaiser Gaozu und den <a href=\"https:\/\/turkvoelker.de\/tr\/die-xiongnu\/\">Xiongnu<\/a>, einem turkomongolischen Steppenreich, unter ihrem Anf\u00fchrer Modu Chanyu. Nach der Schlacht begann die chinesische Heqin-Politik.<\/strong><\/p>\n<h1>Hintergrund der Schlacht<\/h1>\n<p>Der chinesische Kaiser der Han-Dynastie\u00a0<em>Gaozu\u00a0<\/em>hatte das Ziel, die Kontrolle \u00fcber den Norden zu sichern, da die <a href=\"https:\/\/turkvoelker.de\/tr\/die-xiongnu\/\">Xiongnu<\/a> immer wieder \u00dcberf\u00e4lle auf chinesische Gebiete durchf\u00fchrten. Urspr\u00fcnglich hatte die Qin-Dynastie unter Kaiser <em>Qin Shi Huangdi<\/em> die <a href=\"https:\/\/turkvoelker.de\/tr\/die-xiongnu\/\">Xiongnu<\/a> besiegt und sie aus der Ordos-Region vertrieben, aber nach dem Sturz der Qin erlangten die <a href=\"https:\/\/turkvoelker.de\/tr\/die-xiongnu\/\">Xiongnu<\/a> unter <a href=\"https:\/\/turkvoelker.de\/tr\/modu-chanyu-mete-han-maechtigster-chanyu-der-xiongnu\/\">Modu Chanyu<\/a> erneut St\u00e4rke.<\/p>\n<h1>Ablauf<\/h1>\n<p>Im Jahr 200 v. Chr. griff Modu\/Mete mit seiner 100.000 Mann starken Armee die Grenzstadt Baideng an. Daraufhin drangen sie immer tiefer ins chinesische Gebiet. Der chinesische Kaiser Gaozu versuchte einen unauff\u00e4lligen Gegenschlag zu starten und die Xiongnu in eine Falle zu locken. Mete agierte klug, vermied das Risiko und belagerte gewaltt\u00e4tig die Festung Mayi. Modu Chanyu zog pl\u00f6tzlich seine Truppen zur\u00fcck in den Norden zu den Xiongnu. Als Gaozu gegen die Xiongnu zog, wich Modu ins chinesische Gebiet nach Baideng aus. Die chinesischen Truppen &#8211; die angeblich 400.000 Mann stark waren &#8211; wurden immer ersch\u00f6pfter, weil sie nicht an das Steppenklima gew\u00f6hnt waren. Als die Chinesen bei Baideng angekommen waren, vernichteten die Xiongnu-Hunnen sie.<\/p>\n<figure id=\"attachment_65651\" aria-describedby=\"caption-attachment-65651\" style=\"width: 300px\" class=\"wp-caption alignnone\"><img data-opt-id=618524703  fetchpriority=\"high\" decoding=\"async\" class=\"size-medium wp-image-65651\" src=\"https:\/\/mlpwwkkwzfxv.i.optimole.com\/w:300\/h:171\/q:mauto\/ig:avif\/https:\/\/turkvoelker.de\/wp-content\/uploads\/2025\/03\/DALL·E-2025-03-13-15.04.03-A-dramatic-battle-scene-set-in-a-cold-snow-covered-plain-surrounded-by-mountains-and-narrow-passes.-The-battlefield-is-filled-with-warriors-from-two-.webp\" alt=\"\" width=\"300\" height=\"171\" srcset=\"https:\/\/mlpwwkkwzfxv.i.optimole.com\/w:300\/h:171\/q:mauto\/ig:avif\/https:\/\/turkvoelker.de\/wp-content\/uploads\/2025\/03\/DALL\u00b7E-2025-03-13-15.04.03-A-dramatic-battle-scene-set-in-a-cold-snow-covered-plain-surrounded-by-mountains-and-narrow-passes.-The-battlefield-is-filled-with-warriors-from-two-.webp 300w, https:\/\/mlpwwkkwzfxv.i.optimole.com\/w:1024\/h:585\/q:mauto\/ig:avif\/https:\/\/turkvoelker.de\/wp-content\/uploads\/2025\/03\/DALL\u00b7E-2025-03-13-15.04.03-A-dramatic-battle-scene-set-in-a-cold-snow-covered-plain-surrounded-by-mountains-and-narrow-passes.-The-battlefield-is-filled-with-warriors-from-two-.webp 1024w, https:\/\/mlpwwkkwzfxv.i.optimole.com\/w:768\/h:439\/q:mauto\/ig:avif\/https:\/\/turkvoelker.de\/wp-content\/uploads\/2025\/03\/DALL\u00b7E-2025-03-13-15.04.03-A-dramatic-battle-scene-set-in-a-cold-snow-covered-plain-surrounded-by-mountains-and-narrow-passes.-The-battlefield-is-filled-with-warriors-from-two-.webp 768w, https:\/\/mlpwwkkwzfxv.i.optimole.com\/w:1536\/h:878\/q:mauto\/ig:avif\/https:\/\/turkvoelker.de\/wp-content\/uploads\/2025\/03\/DALL\u00b7E-2025-03-13-15.04.03-A-dramatic-battle-scene-set-in-a-cold-snow-covered-plain-surrounded-by-mountains-and-narrow-passes.-The-battlefield-is-filled-with-warriors-from-two-.webp 1536w, https:\/\/mlpwwkkwzfxv.i.optimole.com\/w:370\/h:211\/q:mauto\/ig:avif\/https:\/\/turkvoelker.de\/wp-content\/uploads\/2025\/03\/DALL\u00b7E-2025-03-13-15.04.03-A-dramatic-battle-scene-set-in-a-cold-snow-covered-plain-surrounded-by-mountains-and-narrow-passes.-The-battlefield-is-filled-with-warriors-from-two-.webp 370w, https:\/\/mlpwwkkwzfxv.i.optimole.com\/w:840\/h:480\/q:mauto\/ig:avif\/https:\/\/turkvoelker.de\/wp-content\/uploads\/2025\/03\/DALL\u00b7E-2025-03-13-15.04.03-A-dramatic-battle-scene-set-in-a-cold-snow-covered-plain-surrounded-by-mountains-and-narrow-passes.-The-battlefield-is-filled-with-warriors-from-two-.webp 840w, https:\/\/mlpwwkkwzfxv.i.optimole.com\/w:410\/h:234\/q:mauto\/ig:avif\/https:\/\/turkvoelker.de\/wp-content\/uploads\/2025\/03\/DALL\u00b7E-2025-03-13-15.04.03-A-dramatic-battle-scene-set-in-a-cold-snow-covered-plain-surrounded-by-mountains-and-narrow-passes.-The-battlefield-is-filled-with-warriors-from-two-.webp 410w, https:\/\/mlpwwkkwzfxv.i.optimole.com\/w:1792\/h:1024\/q:mauto\/ig:avif\/https:\/\/turkvoelker.de\/wp-content\/uploads\/2025\/03\/DALL\u00b7E-2025-03-13-15.04.03-A-dramatic-battle-scene-set-in-a-cold-snow-covered-plain-surrounded-by-mountains-and-narrow-passes.-The-battlefield-is-filled-with-warriors-from-two-.webp 1792w\" sizes=\"(max-width: 300px) 100vw, 300px\" \/><figcaption id=\"caption-attachment-65651\" class=\"wp-caption-text\">Die Xiongnu-Hunnen k\u00e4mpfen bei der Festung Baideng gegen die Han-Chinesen<\/figcaption><\/figure>\n<hr \/>\n<h1>Kaynaklar<\/h1>\n<p>Edebiyat:<\/p>\n<ul>\n<li>Crawford, S.F. (2023): The Han-Xiongnu War<\/li>\n<li>Grousset, Ren\u00e9 (1970). Die Steppenv\u00f6lker: Attila \u2013 Dschingis Khan \u2013 Tamerlan<\/li>\n<li>Yavuz, Emre (2024). Das Reich der G\u00f6kt\u00fcrken: Aufstieg der Turkv\u00f6lker 546-630 n.Chr.<\/li>\n<\/ul>\n<p>\u00c7evrimi\u00e7i kaynaklar:<\/p>\n<ul>\n<li>turkvoelker.de, Die Xiongnu-Konf\u00f6deration &#8211; Turkv\u00f6lker<\/li>\n<\/ul>","protected":false},"excerpt":{"rendered":"<p>Die Schlacht von Baideng war ein bedeutendes milit\u00e4risches Ereignis im Jahr 200 v. Chr. zwischen Han-China unter Kaiser Gaozu und den Xiongnu, einem turkomongolischen Steppenreich, unter ihrem Anf\u00fchrer Modu Chanyu.&hellip;<\/p>","protected":false},"author":1,"featured_media":65651,"parent":0,"menu_order":0,"comment_status":"closed","ping_status":"closed","template":"","meta":{"_monsterinsights_skip_tracking":false,"_monsterinsights_sitenote_active":false,"_monsterinsights_sitenote_note":"","_monsterinsights_sitenote_category":0,"_uf_show_specific_survey":0,"_uf_disable_surveys":false,"_themeisle_gutenberg_block_has_review":false,"footnotes":""},"class_list":["post-65644","page","type-page","status-publish","has-post-thumbnail","hentry"],"aioseo_notices":[],"featured_image_src":"https:\/\/mlpwwkkwzfxv.i.optimole.com\/w:auto\/h:auto\/q:mauto\/ig:avif\/https:\/\/turkvoelker.de\/wp-content\/uploads\/2025\/03\/DALL·E-2025-03-13-15.04.03-A-dramatic-battle-scene-set-in-a-cold-snow-covered-plain-surrounded-by-mountains-and-narrow-passes.-The-battlefield-is-filled-with-warriors-from-two-.webp","yoast_head":"<!-- This site is optimized with the Yoast SEO plugin v26.1.1 - https:\/\/yoast.com\/wordpress\/plugins\/seo\/ -->\n<title>Die Schlacht von Baideng<\/title>\n<meta name=\"description\" content=\"Schlacht von Baideng (200 v. Chr.): Han-Dynastie gegen Xiongnu. Kaiser Gaozu belagert, Xiongnu siegreich, Beginn der Heqin-Politik.\" \/>\n<meta name=\"robots\" content=\"index, follow, max-snippet:-1, max-image-preview:large, max-video-preview:-1\" \/>\n<link rel=\"canonical\" href=\"https:\/\/turkvoelker.de\/tr\/die-schlacht-von-baideng\/\" \/>\n<meta property=\"og:locale\" content=\"tr_TR\" \/>\n<meta property=\"og:type\" content=\"article\" \/>\n<meta property=\"og:title\" content=\"Die Schlacht von Baideng\" \/>\n<meta property=\"og:description\" content=\"Schlacht von Baideng (200 v. Chr.): Han-Dynastie gegen Xiongnu. Kaiser Gaozu belagert, Xiongnu siegreich, Beginn der Heqin-Politik.\" \/>\n<meta property=\"og:url\" content=\"https:\/\/turkvoelker.de\/tr\/die-schlacht-von-baideng\/\" \/>\n<meta property=\"og:site_name\" content=\"Turkv\u00f6lker\" \/>\n<meta property=\"article:modified_time\" content=\"2025-06-20T10:12:36+00:00\" \/>\n<meta property=\"og:image\" content=\"https:\/\/mlpwwkkwzfxv.i.optimole.com\/w:auto\/h:auto\/q:mauto\/ig:avif\/https:\/\/turkvoelker.de\/wp-content\/uploads\/2025\/03\/DALL·E-2025-03-13-15.04.03-A-dramatic-battle-scene-set-in-a-cold-snow-covered-plain-surrounded-by-mountains-and-narrow-passes.-The-battlefield-is-filled-with-warriors-from-two-.webp\" \/>\n\t<meta property=\"og:image:width\" content=\"1792\" \/>\n\t<meta property=\"og:image:height\" content=\"1024\" \/>\n\t<meta property=\"og:image:type\" content=\"image\/webp\" \/>\n<meta name=\"twitter:card\" content=\"summary_large_image\" \/>\n<meta name=\"twitter:label1\" content=\"Tahmini okuma s\u00fcresi\" \/>\n\t<meta name=\"twitter:data1\" content=\"2 dakika\" \/>\n<script type=\"application\/ld+json\" class=\"yoast-schema-graph\">{\"@context\":\"https:\/\/schema.org\",\"@graph\":[{\"@type\":\"WebPage\",\"@id\":\"https:\/\/turkvoelker.de\/die-schlacht-von-baideng\/\",\"url\":\"https:\/\/turkvoelker.de\/die-schlacht-von-baideng\/\",\"name\":\"Die Schlacht von Baideng\",\"isPartOf\":{\"@id\":\"https:\/\/turkvoelker.de\/#website\"},\"primaryImageOfPage\":{\"@id\":\"https:\/\/turkvoelker.de\/die-schlacht-von-baideng\/#primaryimage\"},\"image\":{\"@id\":\"https:\/\/turkvoelker.de\/die-schlacht-von-baideng\/#primaryimage\"},\"thumbnailUrl\":\"https:\/\/mlpwwkkwzfxv.i.optimole.com\/w:auto\/h:auto\/q:mauto\/ig:avif\/https:\/\/turkvoelker.de\/wp-content\/uploads\/2025\/03\/DALL·E-2025-03-13-15.04.03-A-dramatic-battle-scene-set-in-a-cold-snow-covered-plain-surrounded-by-mountains-and-narrow-passes.-The-battlefield-is-filled-with-warriors-from-two-.webp\",\"datePublished\":\"2025-03-12T14:54:49+00:00\",\"dateModified\":\"2025-06-20T10:12:36+00:00\",\"description\":\"Schlacht von Baideng (200 v. Chr.): Han-Dynastie gegen Xiongnu. Kaiser Gaozu belagert, Xiongnu siegreich, Beginn der Heqin-Politik.\",\"breadcrumb\":{\"@id\":\"https:\/\/turkvoelker.de\/die-schlacht-von-baideng\/#breadcrumb\"},\"inLanguage\":\"tr\",\"potentialAction\":[{\"@type\":\"ReadAction\",\"target\":[\"https:\/\/turkvoelker.de\/die-schlacht-von-baideng\/\"]}]},{\"@type\":\"ImageObject\",\"inLanguage\":\"tr\",\"@id\":\"https:\/\/turkvoelker.de\/die-schlacht-von-baideng\/#primaryimage\",\"url\":\"https:\/\/mlpwwkkwzfxv.i.optimole.com\/w:auto\/h:auto\/q:mauto\/ig:avif\/https:\/\/turkvoelker.de\/wp-content\/uploads\/2025\/03\/DALL·E-2025-03-13-15.04.03-A-dramatic-battle-scene-set-in-a-cold-snow-covered-plain-surrounded-by-mountains-and-narrow-passes.-The-battlefield-is-filled-with-warriors-from-two-.webp\",\"contentUrl\":\"https:\/\/mlpwwkkwzfxv.i.optimole.com\/w:auto\/h:auto\/q:mauto\/ig:avif\/https:\/\/turkvoelker.de\/wp-content\/uploads\/2025\/03\/DALL·E-2025-03-13-15.04.03-A-dramatic-battle-scene-set-in-a-cold-snow-covered-plain-surrounded-by-mountains-and-narrow-passes.-The-battlefield-is-filled-with-warriors-from-two-.webp\",\"width\":1792,\"height\":1024,\"caption\":\"Die Xiongnu-Hunnen k\u00e4mpfen bei der Festung Baideng gegen die Han-Chinesen.\"},{\"@type\":\"BreadcrumbList\",\"@id\":\"https:\/\/turkvoelker.de\/die-schlacht-von-baideng\/#breadcrumb\",\"itemListElement\":[{\"@type\":\"ListItem\",\"position\":1,\"name\":\"Startseite\",\"item\":\"https:\/\/turkvoelker.de\/\"},{\"@type\":\"ListItem\",\"position\":2,\"name\":\"Die Schlacht von Baideng\"}]},{\"@type\":\"WebSite\",\"@id\":\"https:\/\/turkvoelker.de\/#website\",\"url\":\"https:\/\/turkvoelker.de\/\",\"name\":\"Turkv\u00f6lker\",\"description\":\"Die Enzyklop\u00e4die f\u00fcr Turkologie.\",\"publisher\":{\"@id\":\"https:\/\/turkvoelker.de\/#organization\"},\"potentialAction\":[{\"@type\":\"SearchAction\",\"target\":{\"@type\":\"EntryPoint\",\"urlTemplate\":\"https:\/\/turkvoelker.de\/?s={search_term_string}\"},\"query-input\":{\"@type\":\"PropertyValueSpecification\",\"valueRequired\":true,\"valueName\":\"search_term_string\"}}],\"inLanguage\":\"tr\"},{\"@type\":\"Organization\",\"@id\":\"https:\/\/turkvoelker.de\/#organization\",\"name\":\"Turkv\u00f6lker\",\"url\":\"https:\/\/turkvoelker.de\/\",\"logo\":{\"@type\":\"ImageObject\",\"inLanguage\":\"tr\",\"@id\":\"https:\/\/turkvoelker.de\/#\/schema\/logo\/image\/\",\"url\":\"https:\/\/mlpwwkkwzfxv.i.optimole.com\/w:auto\/h:auto\/q:mauto\/ig:avif\/https:\/\/turkvoelker.de\/wp-content\/uploads\/2025\/03\/favicon.png\",\"contentUrl\":\"https:\/\/mlpwwkkwzfxv.i.optimole.com\/w:auto\/h:auto\/q:mauto\/ig:avif\/https:\/\/turkvoelker.de\/wp-content\/uploads\/2025\/03\/favicon.png\",\"width\":1472,\"height\":832,\"caption\":\"Turkv\u00f6lker\"},\"image\":{\"@id\":\"https:\/\/turkvoelker.de\/#\/schema\/logo\/image\/\"}}]}<\/script>\n<!-- \/ Yoast SEO plugin. -->","yoast_head_json":{"title":"Baideng Muharebesi","description":"Schlacht von Baideng (200 v. Chr.): Han-Dynastie gegen Xiongnu. Kaiser Gaozu belagert, Xiongnu siegreich, Beginn der Heqin-Politik.","robots":{"index":"index","follow":"follow","max-snippet":"max-snippet:-1","max-image-preview":"max-image-preview:large","max-video-preview":"max-video-preview:-1"},"canonical":"https:\/\/turkvoelker.de\/tr\/die-schlacht-von-baideng\/","og_locale":"tr_TR","og_type":"article","og_title":"Die Schlacht von Baideng","og_description":"Schlacht von Baideng (200 v. Chr.): Han-Dynastie gegen Xiongnu. Kaiser Gaozu belagert, Xiongnu siegreich, Beginn der Heqin-Politik.","og_url":"https:\/\/turkvoelker.de\/tr\/die-schlacht-von-baideng\/","og_site_name":"Turkv\u00f6lker","article_modified_time":"2025-06-20T10:12:36+00:00","og_image":[{"width":1792,"height":1024,"url":"https:\/\/mlpwwkkwzfxv.i.optimole.com\/w:auto\/h:auto\/q:mauto\/ig:avif\/https:\/\/turkvoelker.de\/wp-content\/uploads\/2025\/03\/DALL·E-2025-03-13-15.04.03-A-dramatic-battle-scene-set-in-a-cold-snow-covered-plain-surrounded-by-mountains-and-narrow-passes.-The-battlefield-is-filled-with-warriors-from-two-.webp","type":"image\/webp"}],"twitter_card":"summary_large_image","twitter_misc":{"Tahmini okuma s\u00fcresi":"2 dakika"},"schema":{"@context":"https:\/\/schema.org","@graph":[{"@type":"WebPage","@id":"https:\/\/turkvoelker.de\/die-schlacht-von-baideng\/","url":"https:\/\/turkvoelker.de\/die-schlacht-von-baideng\/","name":"Baideng Muharebesi","isPartOf":{"@id":"https:\/\/turkvoelker.de\/#website"},"primaryImageOfPage":{"@id":"https:\/\/turkvoelker.de\/die-schlacht-von-baideng\/#primaryimage"},"image":{"@id":"https:\/\/turkvoelker.de\/die-schlacht-von-baideng\/#primaryimage"},"thumbnailUrl":"https:\/\/mlpwwkkwzfxv.i.optimole.com\/w:auto\/h:auto\/q:mauto\/ig:avif\/https:\/\/turkvoelker.de\/wp-content\/uploads\/2025\/03\/DALL·E-2025-03-13-15.04.03-A-dramatic-battle-scene-set-in-a-cold-snow-covered-plain-surrounded-by-mountains-and-narrow-passes.-The-battlefield-is-filled-with-warriors-from-two-.webp","datePublished":"2025-03-12T14:54:49+00:00","dateModified":"2025-06-20T10:12:36+00:00","description":"Schlacht von Baideng (200 v. Chr.): Han-Dynastie gegen Xiongnu. Kaiser Gaozu belagert, Xiongnu siegreich, Beginn der Heqin-Politik.","breadcrumb":{"@id":"https:\/\/turkvoelker.de\/die-schlacht-von-baideng\/#breadcrumb"},"inLanguage":"tr","potentialAction":[{"@type":"ReadAction","target":["https:\/\/turkvoelker.de\/die-schlacht-von-baideng\/"]}]},{"@type":"ImageObject","inLanguage":"tr","@id":"https:\/\/turkvoelker.de\/die-schlacht-von-baideng\/#primaryimage","url":"https:\/\/mlpwwkkwzfxv.i.optimole.com\/w:auto\/h:auto\/q:mauto\/ig:avif\/https:\/\/turkvoelker.de\/wp-content\/uploads\/2025\/03\/DALL·E-2025-03-13-15.04.03-A-dramatic-battle-scene-set-in-a-cold-snow-covered-plain-surrounded-by-mountains-and-narrow-passes.-The-battlefield-is-filled-with-warriors-from-two-.webp","contentUrl":"https:\/\/mlpwwkkwzfxv.i.optimole.com\/w:auto\/h:auto\/q:mauto\/ig:avif\/https:\/\/turkvoelker.de\/wp-content\/uploads\/2025\/03\/DALL·E-2025-03-13-15.04.03-A-dramatic-battle-scene-set-in-a-cold-snow-covered-plain-surrounded-by-mountains-and-narrow-passes.-The-battlefield-is-filled-with-warriors-from-two-.webp","width":1792,"height":1024,"caption":"Die Xiongnu-Hunnen k\u00e4mpfen bei der Festung Baideng gegen die Han-Chinesen."},{"@type":"BreadcrumbList","@id":"https:\/\/turkvoelker.de\/die-schlacht-von-baideng\/#breadcrumb","itemListElement":[{"@type":"ListItem","position":1,"name":"Startseite","item":"https:\/\/turkvoelker.de\/"},{"@type":"ListItem","position":2,"name":"Die Schlacht von Baideng"}]},{"@type":"WebSite","@id":"https:\/\/turkvoelker.de\/#website","url":"https:\/\/turkvoelker.de\/","name":"Turkv\u00f6lker","description":"Die Enzyklop\u00e4die f\u00fcr Turkologie.","publisher":{"@id":"https:\/\/turkvoelker.de\/#organization"},"potentialAction":[{"@type":"SearchAction","target":{"@type":"EntryPoint","urlTemplate":"https:\/\/turkvoelker.de\/?s={search_term_string}"},"query-input":{"@type":"PropertyValueSpecification","valueRequired":true,"valueName":"search_term_string"}}],"inLanguage":"tr"},{"@type":"Organization","@id":"https:\/\/turkvoelker.de\/#organization","name":"Turkv\u00f6lker","url":"https:\/\/turkvoelker.de\/","logo":{"@type":"ImageObject","inLanguage":"tr","@id":"https:\/\/turkvoelker.de\/#\/schema\/logo\/image\/","url":"https:\/\/mlpwwkkwzfxv.i.optimole.com\/w:auto\/h:auto\/q:mauto\/ig:avif\/https:\/\/turkvoelker.de\/wp-content\/uploads\/2025\/03\/favicon.png","contentUrl":"https:\/\/mlpwwkkwzfxv.i.optimole.com\/w:auto\/h:auto\/q:mauto\/ig:avif\/https:\/\/turkvoelker.de\/wp-content\/uploads\/2025\/03\/favicon.png","width":1472,"height":832,"caption":"Turkv\u00f6lker"},"image":{"@id":"https:\/\/turkvoelker.de\/#\/schema\/logo\/image\/"}}]}},"_links":{"self":[{"href":"https:\/\/turkvoelker.de\/tr\/wp-json\/wp\/v2\/pages\/65644","targetHints":{"allow":["GET"]}}],"collection":[{"href":"https:\/\/turkvoelker.de\/tr\/wp-json\/wp\/v2\/pages"}],"about":[{"href":"https:\/\/turkvoelker.de\/tr\/wp-json\/wp\/v2\/types\/page"}],"author":[{"embeddable":true,"href":"https:\/\/turkvoelker.de\/tr\/wp-json\/wp\/v2\/users\/1"}],"replies":[{"embeddable":true,"href":"https:\/\/turkvoelker.de\/tr\/wp-json\/wp\/v2\/comments?post=65644"}],"version-history":[{"count":9,"href":"https:\/\/turkvoelker.de\/tr\/wp-json\/wp\/v2\/pages\/65644\/revisions"}],"predecessor-version":[{"id":65833,"href":"https:\/\/turkvoelker.de\/tr\/wp-json\/wp\/v2\/pages\/65644\/revisions\/65833"}],"wp:featuredmedia":[{"embeddable":true,"href":"https:\/\/turkvoelker.de\/tr\/wp-json\/wp\/v2\/media\/65651"}],"wp:attachment":[{"href":"https:\/\/turkvoelker.de\/tr\/wp-json\/wp\/v2\/media?parent=65644"}],"curies":[{"name":"wp","href":"https:\/\/api.w.org\/{rel}","templated":true}]}}