{"id":65704,"date":"2025-03-18T15:29:06","date_gmt":"2025-03-18T14:29:06","guid":{"rendered":"https:\/\/turkvoelker.de\/?page_id=65704"},"modified":"2025-06-20T12:14:25","modified_gmt":"2025-06-20T10:14:25","slug":"die-schlacht-von-mayi","status":"publish","type":"page","link":"https:\/\/turkvoelker.de\/tr\/die-schlacht-von-mayi\/","title":{"rendered":"Mayi Muharebesi"},"content":{"rendered":"<p><strong>Die Schlacht von Mayi war ein gescheiterter Hinterhalt der Han-Dynastie gegen die <a href=\"https:\/\/turkvoelker.de\/tr\/die-xiongnu\/\">Xiongnu<\/a> unter Junchen Chanyu im Jahr 133 v. Chr. unter Kaiser Han Wudi. Es kam nie zu einer Schlacht indem Sinne. Indirekt gingen die Xiongnu als Sieger aus der Schlacht hervor, da der aufw\u00e4ndige Hinterhaltsplan der Han-Dynastie scheiterte und keine der geplanten strategischen Ziele erreicht wurde.<\/strong><\/p>\n<h1>Plan der Han<\/h1>\n<p>Kaiser Han Wudi wollte die \u00dcberf\u00e4lle der <a href=\"https:\/\/turkvoelker.de\/tr\/die-xiongnu\/\">Xiongnu<\/a> stoppen und befahl seinem General Hang Wui einen Plan zu erstellen, die sogenannte Mayi-Falle. Die Stadt Mayi, eine Grenzstadt im heutigen Shanxi, sollte als schwach verteidigtes Ziel erscheinen. Die Chinesen verbreiteten absichtlich das Ger\u00fccht, dass die Stadt nur wenig Schutz hatte und voller Reicht\u00fcmer sei. Ein chinesischer Offizier berichtete anschlie\u00dfend den Xiongnu, dass die Grenzstadt Mayi leicht zu pl\u00fcndern sei.<\/p>\n<h1>Ablauf<\/h1>\n<p>Die Xiongnu galoppierten mit einer 100.000 Mann starken Streitmacht nach Mayi. Auf anderer Seite versteckte sich eine chinesische 300.000 Mann starke Streitmacht in Mayi. Da wurden die Chinesen von Xiongnu-Sp\u00e4hern entdeckt und Junchen bemerkte, dass er in eine Falle gelockt werden sollte und zog sich mit seinen schnellen Reitern zur\u00fcck. Der chinesische General Wang Hui, der f\u00fcr den Hinterhalt verantwortlich war, z\u00f6gerte, die Xiongnu in einer offenen Feldschlacht zu verfolgen, da die Xiongnu-Kavallerie zu mobil war.<\/p>\n<h1>Folgen<\/h1>\n<p>Kaiser Han Wudi war extrem ver\u00e4rgert \u00fcber das Scheitern des Plans und bestrafte Wang Hui sowie andere Offiziere. In den folgenden Jahrzehnten entwickelte die Han-Dynastie eine neue milit\u00e4rische Strategie mit befestigten Grenzst\u00e4dten, schnellen Kavallerieangriffen und gro\u00df angelegten Feldz\u00fcgen gegen die Xiongnu.<\/p>\n<hr \/>\n<h1>Kaynaklar<\/h1>\n<ul>\n<li>deutsch.wikibrief.org, Schlacht von Mayi<\/li>\n<li>en.wikipedia.org, Battle of Mayi<\/li>\n<li>turkvoelker.de, Die Xiongnu-Konf\u00f6deration<\/li>\n<\/ul>","protected":false},"excerpt":{"rendered":"<p>Die Schlacht von Mayi war ein gescheiterter Hinterhalt der Han-Dynastie gegen die Xiongnu unter Junchen Chanyu im Jahr 133 v. Chr. unter Kaiser Han Wudi. Es kam nie zu einer&hellip;<\/p>","protected":false},"author":1,"featured_media":65706,"parent":0,"menu_order":0,"comment_status":"closed","ping_status":"closed","template":"","meta":{"_monsterinsights_skip_tracking":false,"_monsterinsights_sitenote_active":false,"_monsterinsights_sitenote_note":"","_monsterinsights_sitenote_category":0,"_uf_show_specific_survey":0,"_uf_disable_surveys":false,"_themeisle_gutenberg_block_has_review":false,"footnotes":""},"class_list":["post-65704","page","type-page","status-publish","has-post-thumbnail","hentry"],"aioseo_notices":[],"featured_image_src":"https:\/\/mlpwwkkwzfxv.i.optimole.com\/w:auto\/h:auto\/q:mauto\/ig:avif\/https:\/\/turkvoelker.de\/wp-content\/uploads\/2025\/03\/DALL·E-2025-03-18-14.53.29-A-dramatic-battle-scene-depicting-the-Battle-of-Mayi-between-the-Xiongnu-and-the-Han-Dynasty.-The-landscape-is-mountainous-with-barren-hills-narrow-p.webp","yoast_head":"<!-- This site is optimized with the Yoast SEO plugin v26.1.1 - https:\/\/yoast.com\/wordpress\/plugins\/seo\/ -->\n<title>Die Schlacht von Mayi - Turkv\u00f6lker<\/title>\n<meta name=\"description\" content=\"Die Schlacht von Mayi war ein gescheiterter Hinterhalt der Han-Dynastie gegen die Xiongnu unter Junchen Chanyu unter Kaiser Han Wudi.\" \/>\n<meta name=\"robots\" content=\"index, follow, max-snippet:-1, max-image-preview:large, max-video-preview:-1\" \/>\n<link rel=\"canonical\" href=\"https:\/\/turkvoelker.de\/tr\/die-schlacht-von-mayi\/\" \/>\n<meta property=\"og:locale\" content=\"tr_TR\" \/>\n<meta property=\"og:type\" content=\"article\" \/>\n<meta property=\"og:title\" content=\"Die Schlacht von Mayi - Turkv\u00f6lker\" \/>\n<meta property=\"og:description\" content=\"Die Schlacht von Mayi war ein gescheiterter Hinterhalt der Han-Dynastie gegen die Xiongnu unter Junchen Chanyu unter Kaiser Han Wudi.\" \/>\n<meta property=\"og:url\" content=\"https:\/\/turkvoelker.de\/tr\/die-schlacht-von-mayi\/\" \/>\n<meta property=\"og:site_name\" content=\"Turkv\u00f6lker\" \/>\n<meta property=\"article:modified_time\" content=\"2025-06-20T10:14:25+00:00\" \/>\n<meta property=\"og:image\" content=\"https:\/\/mlpwwkkwzfxv.i.optimole.com\/w:auto\/h:auto\/q:mauto\/ig:avif\/https:\/\/turkvoelker.de\/wp-content\/uploads\/2025\/03\/DALL·E-2025-03-18-14.53.29-A-dramatic-battle-scene-depicting-the-Battle-of-Mayi-between-the-Xiongnu-and-the-Han-Dynasty.-The-landscape-is-mountainous-with-barren-hills-narrow-p.webp\" \/>\n\t<meta property=\"og:image:width\" content=\"1792\" \/>\n\t<meta property=\"og:image:height\" content=\"1024\" \/>\n\t<meta property=\"og:image:type\" content=\"image\/webp\" \/>\n<meta name=\"twitter:card\" content=\"summary_large_image\" \/>\n<meta name=\"twitter:label1\" content=\"Tahmini okuma s\u00fcresi\" \/>\n\t<meta name=\"twitter:data1\" content=\"2 dakika\" \/>\n<script type=\"application\/ld+json\" class=\"yoast-schema-graph\">{\"@context\":\"https:\/\/schema.org\",\"@graph\":[{\"@type\":\"WebPage\",\"@id\":\"https:\/\/turkvoelker.de\/die-schlacht-von-mayi\/\",\"url\":\"https:\/\/turkvoelker.de\/die-schlacht-von-mayi\/\",\"name\":\"Die Schlacht von Mayi - Turkv\u00f6lker\",\"isPartOf\":{\"@id\":\"https:\/\/turkvoelker.de\/#website\"},\"primaryImageOfPage\":{\"@id\":\"https:\/\/turkvoelker.de\/die-schlacht-von-mayi\/#primaryimage\"},\"image\":{\"@id\":\"https:\/\/turkvoelker.de\/die-schlacht-von-mayi\/#primaryimage\"},\"thumbnailUrl\":\"https:\/\/mlpwwkkwzfxv.i.optimole.com\/w:auto\/h:auto\/q:mauto\/ig:avif\/https:\/\/turkvoelker.de\/wp-content\/uploads\/2025\/03\/DALL·E-2025-03-18-14.53.29-A-dramatic-battle-scene-depicting-the-Battle-of-Mayi-between-the-Xiongnu-and-the-Han-Dynasty.-The-landscape-is-mountainous-with-barren-hills-narrow-p.webp\",\"datePublished\":\"2025-03-18T14:29:06+00:00\",\"dateModified\":\"2025-06-20T10:14:25+00:00\",\"description\":\"Die Schlacht von Mayi war ein gescheiterter Hinterhalt der Han-Dynastie gegen die Xiongnu unter Junchen Chanyu unter Kaiser Han Wudi.\",\"breadcrumb\":{\"@id\":\"https:\/\/turkvoelker.de\/die-schlacht-von-mayi\/#breadcrumb\"},\"inLanguage\":\"tr\",\"potentialAction\":[{\"@type\":\"ReadAction\",\"target\":[\"https:\/\/turkvoelker.de\/die-schlacht-von-mayi\/\"]}]},{\"@type\":\"ImageObject\",\"inLanguage\":\"tr\",\"@id\":\"https:\/\/turkvoelker.de\/die-schlacht-von-mayi\/#primaryimage\",\"url\":\"https:\/\/mlpwwkkwzfxv.i.optimole.com\/w:auto\/h:auto\/q:mauto\/ig:avif\/https:\/\/turkvoelker.de\/wp-content\/uploads\/2025\/03\/DALL·E-2025-03-18-14.53.29-A-dramatic-battle-scene-depicting-the-Battle-of-Mayi-between-the-Xiongnu-and-the-Han-Dynasty.-The-landscape-is-mountainous-with-barren-hills-narrow-p.webp\",\"contentUrl\":\"https:\/\/mlpwwkkwzfxv.i.optimole.com\/w:auto\/h:auto\/q:mauto\/ig:avif\/https:\/\/turkvoelker.de\/wp-content\/uploads\/2025\/03\/DALL·E-2025-03-18-14.53.29-A-dramatic-battle-scene-depicting-the-Battle-of-Mayi-between-the-Xiongnu-and-the-Han-Dynasty.-The-landscape-is-mountainous-with-barren-hills-narrow-p.webp\",\"width\":1792,\"height\":1024,\"caption\":\"Die Schlacht von Mayi\"},{\"@type\":\"BreadcrumbList\",\"@id\":\"https:\/\/turkvoelker.de\/die-schlacht-von-mayi\/#breadcrumb\",\"itemListElement\":[{\"@type\":\"ListItem\",\"position\":1,\"name\":\"Startseite\",\"item\":\"https:\/\/turkvoelker.de\/\"},{\"@type\":\"ListItem\",\"position\":2,\"name\":\"Die Schlacht von Mayi\"}]},{\"@type\":\"WebSite\",\"@id\":\"https:\/\/turkvoelker.de\/#website\",\"url\":\"https:\/\/turkvoelker.de\/\",\"name\":\"Turkv\u00f6lker\",\"description\":\"Die Enzyklop\u00e4die f\u00fcr Turkologie.\",\"publisher\":{\"@id\":\"https:\/\/turkvoelker.de\/#organization\"},\"potentialAction\":[{\"@type\":\"SearchAction\",\"target\":{\"@type\":\"EntryPoint\",\"urlTemplate\":\"https:\/\/turkvoelker.de\/?s={search_term_string}\"},\"query-input\":{\"@type\":\"PropertyValueSpecification\",\"valueRequired\":true,\"valueName\":\"search_term_string\"}}],\"inLanguage\":\"tr\"},{\"@type\":\"Organization\",\"@id\":\"https:\/\/turkvoelker.de\/#organization\",\"name\":\"Turkv\u00f6lker\",\"url\":\"https:\/\/turkvoelker.de\/\",\"logo\":{\"@type\":\"ImageObject\",\"inLanguage\":\"tr\",\"@id\":\"https:\/\/turkvoelker.de\/#\/schema\/logo\/image\/\",\"url\":\"https:\/\/mlpwwkkwzfxv.i.optimole.com\/w:auto\/h:auto\/q:mauto\/ig:avif\/https:\/\/turkvoelker.de\/wp-content\/uploads\/2025\/03\/favicon.png\",\"contentUrl\":\"https:\/\/mlpwwkkwzfxv.i.optimole.com\/w:auto\/h:auto\/q:mauto\/ig:avif\/https:\/\/turkvoelker.de\/wp-content\/uploads\/2025\/03\/favicon.png\",\"width\":1472,\"height\":832,\"caption\":\"Turkv\u00f6lker\"},\"image\":{\"@id\":\"https:\/\/turkvoelker.de\/#\/schema\/logo\/image\/\"}}]}<\/script>\n<!-- \/ Yoast SEO plugin. -->","yoast_head_json":{"title":"Die Schlacht von Mayi - Turkv\u00f6lker","description":"Die Schlacht von Mayi war ein gescheiterter Hinterhalt der Han-Dynastie gegen die Xiongnu unter Junchen Chanyu unter Kaiser Han Wudi.","robots":{"index":"index","follow":"follow","max-snippet":"max-snippet:-1","max-image-preview":"max-image-preview:large","max-video-preview":"max-video-preview:-1"},"canonical":"https:\/\/turkvoelker.de\/tr\/die-schlacht-von-mayi\/","og_locale":"tr_TR","og_type":"article","og_title":"Die Schlacht von Mayi - Turkv\u00f6lker","og_description":"Die Schlacht von Mayi war ein gescheiterter Hinterhalt der Han-Dynastie gegen die Xiongnu unter Junchen Chanyu unter Kaiser Han Wudi.","og_url":"https:\/\/turkvoelker.de\/tr\/die-schlacht-von-mayi\/","og_site_name":"Turkv\u00f6lker","article_modified_time":"2025-06-20T10:14:25+00:00","og_image":[{"width":1792,"height":1024,"url":"https:\/\/mlpwwkkwzfxv.i.optimole.com\/w:auto\/h:auto\/q:mauto\/ig:avif\/https:\/\/turkvoelker.de\/wp-content\/uploads\/2025\/03\/DALL·E-2025-03-18-14.53.29-A-dramatic-battle-scene-depicting-the-Battle-of-Mayi-between-the-Xiongnu-and-the-Han-Dynasty.-The-landscape-is-mountainous-with-barren-hills-narrow-p.webp","type":"image\/webp"}],"twitter_card":"summary_large_image","twitter_misc":{"Tahmini okuma s\u00fcresi":"2 dakika"},"schema":{"@context":"https:\/\/schema.org","@graph":[{"@type":"WebPage","@id":"https:\/\/turkvoelker.de\/die-schlacht-von-mayi\/","url":"https:\/\/turkvoelker.de\/die-schlacht-von-mayi\/","name":"Die Schlacht von Mayi - Turkv\u00f6lker","isPartOf":{"@id":"https:\/\/turkvoelker.de\/#website"},"primaryImageOfPage":{"@id":"https:\/\/turkvoelker.de\/die-schlacht-von-mayi\/#primaryimage"},"image":{"@id":"https:\/\/turkvoelker.de\/die-schlacht-von-mayi\/#primaryimage"},"thumbnailUrl":"https:\/\/mlpwwkkwzfxv.i.optimole.com\/w:auto\/h:auto\/q:mauto\/ig:avif\/https:\/\/turkvoelker.de\/wp-content\/uploads\/2025\/03\/DALL·E-2025-03-18-14.53.29-A-dramatic-battle-scene-depicting-the-Battle-of-Mayi-between-the-Xiongnu-and-the-Han-Dynasty.-The-landscape-is-mountainous-with-barren-hills-narrow-p.webp","datePublished":"2025-03-18T14:29:06+00:00","dateModified":"2025-06-20T10:14:25+00:00","description":"Die Schlacht von Mayi war ein gescheiterter Hinterhalt der Han-Dynastie gegen die Xiongnu unter Junchen Chanyu unter Kaiser Han Wudi.","breadcrumb":{"@id":"https:\/\/turkvoelker.de\/die-schlacht-von-mayi\/#breadcrumb"},"inLanguage":"tr","potentialAction":[{"@type":"ReadAction","target":["https:\/\/turkvoelker.de\/die-schlacht-von-mayi\/"]}]},{"@type":"ImageObject","inLanguage":"tr","@id":"https:\/\/turkvoelker.de\/die-schlacht-von-mayi\/#primaryimage","url":"https:\/\/mlpwwkkwzfxv.i.optimole.com\/w:auto\/h:auto\/q:mauto\/ig:avif\/https:\/\/turkvoelker.de\/wp-content\/uploads\/2025\/03\/DALL·E-2025-03-18-14.53.29-A-dramatic-battle-scene-depicting-the-Battle-of-Mayi-between-the-Xiongnu-and-the-Han-Dynasty.-The-landscape-is-mountainous-with-barren-hills-narrow-p.webp","contentUrl":"https:\/\/mlpwwkkwzfxv.i.optimole.com\/w:auto\/h:auto\/q:mauto\/ig:avif\/https:\/\/turkvoelker.de\/wp-content\/uploads\/2025\/03\/DALL·E-2025-03-18-14.53.29-A-dramatic-battle-scene-depicting-the-Battle-of-Mayi-between-the-Xiongnu-and-the-Han-Dynasty.-The-landscape-is-mountainous-with-barren-hills-narrow-p.webp","width":1792,"height":1024,"caption":"Die Schlacht von Mayi"},{"@type":"BreadcrumbList","@id":"https:\/\/turkvoelker.de\/die-schlacht-von-mayi\/#breadcrumb","itemListElement":[{"@type":"ListItem","position":1,"name":"Startseite","item":"https:\/\/turkvoelker.de\/"},{"@type":"ListItem","position":2,"name":"Die Schlacht von Mayi"}]},{"@type":"WebSite","@id":"https:\/\/turkvoelker.de\/#website","url":"https:\/\/turkvoelker.de\/","name":"Turkv\u00f6lker","description":"Die Enzyklop\u00e4die f\u00fcr Turkologie.","publisher":{"@id":"https:\/\/turkvoelker.de\/#organization"},"potentialAction":[{"@type":"SearchAction","target":{"@type":"EntryPoint","urlTemplate":"https:\/\/turkvoelker.de\/?s={search_term_string}"},"query-input":{"@type":"PropertyValueSpecification","valueRequired":true,"valueName":"search_term_string"}}],"inLanguage":"tr"},{"@type":"Organization","@id":"https:\/\/turkvoelker.de\/#organization","name":"Turkv\u00f6lker","url":"https:\/\/turkvoelker.de\/","logo":{"@type":"ImageObject","inLanguage":"tr","@id":"https:\/\/turkvoelker.de\/#\/schema\/logo\/image\/","url":"https:\/\/mlpwwkkwzfxv.i.optimole.com\/w:auto\/h:auto\/q:mauto\/ig:avif\/https:\/\/turkvoelker.de\/wp-content\/uploads\/2025\/03\/favicon.png","contentUrl":"https:\/\/mlpwwkkwzfxv.i.optimole.com\/w:auto\/h:auto\/q:mauto\/ig:avif\/https:\/\/turkvoelker.de\/wp-content\/uploads\/2025\/03\/favicon.png","width":1472,"height":832,"caption":"Turkv\u00f6lker"},"image":{"@id":"https:\/\/turkvoelker.de\/#\/schema\/logo\/image\/"}}]}},"_links":{"self":[{"href":"https:\/\/turkvoelker.de\/tr\/wp-json\/wp\/v2\/pages\/65704","targetHints":{"allow":["GET"]}}],"collection":[{"href":"https:\/\/turkvoelker.de\/tr\/wp-json\/wp\/v2\/pages"}],"about":[{"href":"https:\/\/turkvoelker.de\/tr\/wp-json\/wp\/v2\/types\/page"}],"author":[{"embeddable":true,"href":"https:\/\/turkvoelker.de\/tr\/wp-json\/wp\/v2\/users\/1"}],"replies":[{"embeddable":true,"href":"https:\/\/turkvoelker.de\/tr\/wp-json\/wp\/v2\/comments?post=65704"}],"version-history":[{"count":3,"href":"https:\/\/turkvoelker.de\/tr\/wp-json\/wp\/v2\/pages\/65704\/revisions"}],"predecessor-version":[{"id":65710,"href":"https:\/\/turkvoelker.de\/tr\/wp-json\/wp\/v2\/pages\/65704\/revisions\/65710"}],"wp:featuredmedia":[{"embeddable":true,"href":"https:\/\/turkvoelker.de\/tr\/wp-json\/wp\/v2\/media\/65706"}],"wp:attachment":[{"href":"https:\/\/turkvoelker.de\/tr\/wp-json\/wp\/v2\/media?parent=65704"}],"curies":[{"name":"wp","href":"https:\/\/api.w.org\/{rel}","templated":true}]}}