{"id":65739,"date":"2025-03-24T15:48:55","date_gmt":"2025-03-24T14:48:55","guid":{"rendered":"https:\/\/turkvoelker.de\/?page_id=65739"},"modified":"2025-06-20T12:25:57","modified_gmt":"2025-06-20T10:25:57","slug":"xiongnu-donghu-schlacht","status":"publish","type":"page","link":"https:\/\/turkvoelker.de\/tr\/xiongnu-donghu-schlacht\/","title":{"rendered":"Hiung-nu-Donghu Sava\u015f\u0131"},"content":{"rendered":"<p><strong>Die Schlacht zwischen den <a href=\"https:\/\/turkvoelker.de\/tr\/die-xiongnu\/\">Xiongnu<\/a> unter Modu Chanyu und den proto-mongolischen Donghu &#8211; deren F\u00fchrer unbekannt ist -, fand 209 v. Chr.<\/strong>\u00a0<strong>statt. Modu siegte und spaltete die Donghu in mehrere Gruppen auf.<\/strong><\/p>\n<h1>Hintergrund<\/h1>\n<p>Modu hatte kurz zuvor seinen eigenen Vater, <a href=\"https:\/\/turkvoelker.de\/tr\/teoman\/\">Teoman Chanyu<\/a>, get\u00f6tet und die Macht \u00fcber die Xiongnu \u00fcbernommen. Nachdem er seine Herrschaft gefestigt hatte, f\u00fchrte er einen Feldzug gegen die Donghu und besiegte sie.<\/p>\n<h1>Folgen der Schlacht<\/h1>\n<p>Als Modu Chanyu die Donghu besiegte, teilte er sie in mehrere Gruppen auf. Aus den \u00dcberresten der Donghu entstanden sp\u00e4ter V\u00f6lker wie die Xianbei und die Wuhuan, die in den folgenden Jahrhunderten eine bedeutende Rolle in der chinesischen Geschichte spielten. Die Xiongnu wurden zu einer der f\u00fchrenden M\u00e4chte in der eurasischen Steppe.<\/p>\n<p>&nbsp;<\/p>\n<figure id=\"attachment_65744\" aria-describedby=\"caption-attachment-65744\" style=\"width: 300px\" class=\"wp-caption alignnone\"><img data-opt-id=1342475381  fetchpriority=\"high\" decoding=\"async\" class=\"size-medium wp-image-65744\" src=\"https:\/\/mlpwwkkwzfxv.i.optimole.com\/w:300\/h:171\/q:mauto\/ig:avif\/https:\/\/turkvoelker.de\/wp-content\/uploads\/2025\/03\/DALL·E-2025-03-25-16.33.15-A-dramatic-battlefield-scene-set-in-a-vast-wind-swept-steppe-under-a-stormy-sky.-The-golden-grassland-stretches-across-rolling-hills-with-dark-cloud.webp\" alt=\"\" width=\"300\" height=\"171\" srcset=\"https:\/\/mlpwwkkwzfxv.i.optimole.com\/w:300\/h:171\/q:mauto\/ig:avif\/https:\/\/turkvoelker.de\/wp-content\/uploads\/2025\/03\/DALL\u00b7E-2025-03-25-16.33.15-A-dramatic-battlefield-scene-set-in-a-vast-wind-swept-steppe-under-a-stormy-sky.-The-golden-grassland-stretches-across-rolling-hills-with-dark-cloud.webp 300w, https:\/\/mlpwwkkwzfxv.i.optimole.com\/w:1024\/h:585\/q:mauto\/ig:avif\/https:\/\/turkvoelker.de\/wp-content\/uploads\/2025\/03\/DALL\u00b7E-2025-03-25-16.33.15-A-dramatic-battlefield-scene-set-in-a-vast-wind-swept-steppe-under-a-stormy-sky.-The-golden-grassland-stretches-across-rolling-hills-with-dark-cloud.webp 1024w, https:\/\/mlpwwkkwzfxv.i.optimole.com\/w:768\/h:439\/q:mauto\/ig:avif\/https:\/\/turkvoelker.de\/wp-content\/uploads\/2025\/03\/DALL\u00b7E-2025-03-25-16.33.15-A-dramatic-battlefield-scene-set-in-a-vast-wind-swept-steppe-under-a-stormy-sky.-The-golden-grassland-stretches-across-rolling-hills-with-dark-cloud.webp 768w, https:\/\/mlpwwkkwzfxv.i.optimole.com\/w:1536\/h:878\/q:mauto\/ig:avif\/https:\/\/turkvoelker.de\/wp-content\/uploads\/2025\/03\/DALL\u00b7E-2025-03-25-16.33.15-A-dramatic-battlefield-scene-set-in-a-vast-wind-swept-steppe-under-a-stormy-sky.-The-golden-grassland-stretches-across-rolling-hills-with-dark-cloud.webp 1536w, https:\/\/mlpwwkkwzfxv.i.optimole.com\/w:370\/h:211\/q:mauto\/ig:avif\/https:\/\/turkvoelker.de\/wp-content\/uploads\/2025\/03\/DALL\u00b7E-2025-03-25-16.33.15-A-dramatic-battlefield-scene-set-in-a-vast-wind-swept-steppe-under-a-stormy-sky.-The-golden-grassland-stretches-across-rolling-hills-with-dark-cloud.webp 370w, https:\/\/mlpwwkkwzfxv.i.optimole.com\/w:840\/h:480\/q:mauto\/ig:avif\/https:\/\/turkvoelker.de\/wp-content\/uploads\/2025\/03\/DALL\u00b7E-2025-03-25-16.33.15-A-dramatic-battlefield-scene-set-in-a-vast-wind-swept-steppe-under-a-stormy-sky.-The-golden-grassland-stretches-across-rolling-hills-with-dark-cloud.webp 840w, https:\/\/mlpwwkkwzfxv.i.optimole.com\/w:410\/h:234\/q:mauto\/ig:avif\/https:\/\/turkvoelker.de\/wp-content\/uploads\/2025\/03\/DALL\u00b7E-2025-03-25-16.33.15-A-dramatic-battlefield-scene-set-in-a-vast-wind-swept-steppe-under-a-stormy-sky.-The-golden-grassland-stretches-across-rolling-hills-with-dark-cloud.webp 410w, https:\/\/mlpwwkkwzfxv.i.optimole.com\/w:1792\/h:1024\/q:mauto\/ig:avif\/https:\/\/turkvoelker.de\/wp-content\/uploads\/2025\/03\/DALL\u00b7E-2025-03-25-16.33.15-A-dramatic-battlefield-scene-set-in-a-vast-wind-swept-steppe-under-a-stormy-sky.-The-golden-grassland-stretches-across-rolling-hills-with-dark-cloud.webp 1792w\" sizes=\"(max-width: 300px) 100vw, 300px\" \/><figcaption id=\"caption-attachment-65744\" class=\"wp-caption-text\">Donghu-Armee wartet auf die Xiongnu.<\/figcaption><\/figure>\n<hr \/>\n<h1>Kaynaklar<\/h1>\n<ul>\n<li>turkvoelker.de, Die Xiongnu<\/li>\n<li>en.wikipedia.org, Xiongnu invasion of Donghu<\/li>\n<\/ul>","protected":false},"excerpt":{"rendered":"<p>Die Schlacht zwischen den Xiongnu unter Modu Chanyu und den proto-mongolischen Donghu &#8211; deren F\u00fchrer unbekannt ist -, fand 209 v. Chr.\u00a0statt. Modu siegte und spaltete die Donghu in mehrere&hellip;<\/p>","protected":false},"author":1,"featured_media":65744,"parent":0,"menu_order":0,"comment_status":"closed","ping_status":"closed","template":"","meta":{"_monsterinsights_skip_tracking":false,"_monsterinsights_sitenote_active":false,"_monsterinsights_sitenote_note":"","_monsterinsights_sitenote_category":0,"_uf_show_specific_survey":0,"_uf_disable_surveys":false,"_themeisle_gutenberg_block_has_review":false,"footnotes":""},"class_list":["post-65739","page","type-page","status-publish","has-post-thumbnail","hentry"],"aioseo_notices":[],"featured_image_src":"https:\/\/mlpwwkkwzfxv.i.optimole.com\/w:auto\/h:auto\/q:mauto\/ig:avif\/https:\/\/turkvoelker.de\/wp-content\/uploads\/2025\/03\/DALL·E-2025-03-25-16.33.15-A-dramatic-battlefield-scene-set-in-a-vast-wind-swept-steppe-under-a-stormy-sky.-The-golden-grassland-stretches-across-rolling-hills-with-dark-cloud.webp","yoast_head":"<!-- This site is optimized with the Yoast SEO plugin v26.1.1 - https:\/\/yoast.com\/wordpress\/plugins\/seo\/ -->\n<title>Xiongnu-Donghu Schlacht - Turkv\u00f6lker<\/title>\n<meta name=\"description\" content=\"Die Schlacht zwischen den Xiongnu unter Modu Chanyu und den proto-mongolischen Donghu - deren F\u00fchrer unbekannt ist -, fand 209 v. Chr. statt\" \/>\n<meta name=\"robots\" content=\"index, follow, max-snippet:-1, max-image-preview:large, max-video-preview:-1\" \/>\n<link rel=\"canonical\" href=\"https:\/\/turkvoelker.de\/tr\/xiongnu-donghu-schlacht\/\" \/>\n<meta property=\"og:locale\" content=\"tr_TR\" \/>\n<meta property=\"og:type\" content=\"article\" \/>\n<meta property=\"og:title\" content=\"Xiongnu-Donghu Schlacht - Turkv\u00f6lker\" \/>\n<meta property=\"og:description\" content=\"Die Schlacht zwischen den Xiongnu unter Modu Chanyu und den proto-mongolischen Donghu - deren F\u00fchrer unbekannt ist -, fand 209 v. Chr. statt\" \/>\n<meta property=\"og:url\" content=\"https:\/\/turkvoelker.de\/tr\/xiongnu-donghu-schlacht\/\" \/>\n<meta property=\"og:site_name\" content=\"Turkv\u00f6lker\" \/>\n<meta property=\"article:modified_time\" content=\"2025-06-20T10:25:57+00:00\" \/>\n<meta property=\"og:image\" content=\"https:\/\/mlpwwkkwzfxv.i.optimole.com\/w:auto\/h:auto\/q:mauto\/ig:avif\/https:\/\/turkvoelker.de\/wp-content\/uploads\/2025\/03\/DALL·E-2025-03-25-16.33.15-A-dramatic-battlefield-scene-set-in-a-vast-wind-swept-steppe-under-a-stormy-sky.-The-golden-grassland-stretches-across-rolling-hills-with-dark-cloud.webp\" \/>\n\t<meta property=\"og:image:width\" content=\"1792\" \/>\n\t<meta property=\"og:image:height\" content=\"1024\" \/>\n\t<meta property=\"og:image:type\" content=\"image\/webp\" \/>\n<meta name=\"twitter:card\" content=\"summary_large_image\" \/>\n<meta name=\"twitter:label1\" content=\"Tahmini okuma s\u00fcresi\" \/>\n\t<meta name=\"twitter:data1\" content=\"2 dakika\" \/>\n<script type=\"application\/ld+json\" class=\"yoast-schema-graph\">{\"@context\":\"https:\/\/schema.org\",\"@graph\":[{\"@type\":\"WebPage\",\"@id\":\"https:\/\/turkvoelker.de\/xiongnu-donghu-schlacht\/\",\"url\":\"https:\/\/turkvoelker.de\/xiongnu-donghu-schlacht\/\",\"name\":\"Xiongnu-Donghu Schlacht - Turkv\u00f6lker\",\"isPartOf\":{\"@id\":\"https:\/\/turkvoelker.de\/#website\"},\"primaryImageOfPage\":{\"@id\":\"https:\/\/turkvoelker.de\/xiongnu-donghu-schlacht\/#primaryimage\"},\"image\":{\"@id\":\"https:\/\/turkvoelker.de\/xiongnu-donghu-schlacht\/#primaryimage\"},\"thumbnailUrl\":\"https:\/\/mlpwwkkwzfxv.i.optimole.com\/w:auto\/h:auto\/q:mauto\/ig:avif\/https:\/\/turkvoelker.de\/wp-content\/uploads\/2025\/03\/DALL·E-2025-03-25-16.33.15-A-dramatic-battlefield-scene-set-in-a-vast-wind-swept-steppe-under-a-stormy-sky.-The-golden-grassland-stretches-across-rolling-hills-with-dark-cloud.webp\",\"datePublished\":\"2025-03-24T14:48:55+00:00\",\"dateModified\":\"2025-06-20T10:25:57+00:00\",\"description\":\"Die Schlacht zwischen den Xiongnu unter Modu Chanyu und den proto-mongolischen Donghu - deren F\u00fchrer unbekannt ist -, fand 209 v. Chr. statt\",\"breadcrumb\":{\"@id\":\"https:\/\/turkvoelker.de\/xiongnu-donghu-schlacht\/#breadcrumb\"},\"inLanguage\":\"tr\",\"potentialAction\":[{\"@type\":\"ReadAction\",\"target\":[\"https:\/\/turkvoelker.de\/xiongnu-donghu-schlacht\/\"]}]},{\"@type\":\"ImageObject\",\"inLanguage\":\"tr\",\"@id\":\"https:\/\/turkvoelker.de\/xiongnu-donghu-schlacht\/#primaryimage\",\"url\":\"https:\/\/mlpwwkkwzfxv.i.optimole.com\/w:auto\/h:auto\/q:mauto\/ig:avif\/https:\/\/turkvoelker.de\/wp-content\/uploads\/2025\/03\/DALL·E-2025-03-25-16.33.15-A-dramatic-battlefield-scene-set-in-a-vast-wind-swept-steppe-under-a-stormy-sky.-The-golden-grassland-stretches-across-rolling-hills-with-dark-cloud.webp\",\"contentUrl\":\"https:\/\/mlpwwkkwzfxv.i.optimole.com\/w:auto\/h:auto\/q:mauto\/ig:avif\/https:\/\/turkvoelker.de\/wp-content\/uploads\/2025\/03\/DALL·E-2025-03-25-16.33.15-A-dramatic-battlefield-scene-set-in-a-vast-wind-swept-steppe-under-a-stormy-sky.-The-golden-grassland-stretches-across-rolling-hills-with-dark-cloud.webp\",\"width\":1792,\"height\":1024,\"caption\":\"Donghu-Armee wartet auf die Xiongnu.\"},{\"@type\":\"BreadcrumbList\",\"@id\":\"https:\/\/turkvoelker.de\/xiongnu-donghu-schlacht\/#breadcrumb\",\"itemListElement\":[{\"@type\":\"ListItem\",\"position\":1,\"name\":\"Startseite\",\"item\":\"https:\/\/turkvoelker.de\/\"},{\"@type\":\"ListItem\",\"position\":2,\"name\":\"Xiongnu-Donghu Schlacht\"}]},{\"@type\":\"WebSite\",\"@id\":\"https:\/\/turkvoelker.de\/#website\",\"url\":\"https:\/\/turkvoelker.de\/\",\"name\":\"Turkv\u00f6lker\",\"description\":\"Die Enzyklop\u00e4die f\u00fcr Turkologie.\",\"publisher\":{\"@id\":\"https:\/\/turkvoelker.de\/#organization\"},\"potentialAction\":[{\"@type\":\"SearchAction\",\"target\":{\"@type\":\"EntryPoint\",\"urlTemplate\":\"https:\/\/turkvoelker.de\/?s={search_term_string}\"},\"query-input\":{\"@type\":\"PropertyValueSpecification\",\"valueRequired\":true,\"valueName\":\"search_term_string\"}}],\"inLanguage\":\"tr\"},{\"@type\":\"Organization\",\"@id\":\"https:\/\/turkvoelker.de\/#organization\",\"name\":\"Turkv\u00f6lker\",\"url\":\"https:\/\/turkvoelker.de\/\",\"logo\":{\"@type\":\"ImageObject\",\"inLanguage\":\"tr\",\"@id\":\"https:\/\/turkvoelker.de\/#\/schema\/logo\/image\/\",\"url\":\"https:\/\/mlpwwkkwzfxv.i.optimole.com\/w:auto\/h:auto\/q:mauto\/ig:avif\/https:\/\/turkvoelker.de\/wp-content\/uploads\/2025\/03\/favicon.png\",\"contentUrl\":\"https:\/\/mlpwwkkwzfxv.i.optimole.com\/w:auto\/h:auto\/q:mauto\/ig:avif\/https:\/\/turkvoelker.de\/wp-content\/uploads\/2025\/03\/favicon.png\",\"width\":1472,\"height\":832,\"caption\":\"Turkv\u00f6lker\"},\"image\":{\"@id\":\"https:\/\/turkvoelker.de\/#\/schema\/logo\/image\/\"}}]}<\/script>\n<!-- \/ Yoast SEO plugin. -->","yoast_head_json":{"title":"Xiongnu-Donghu Schlacht - Turkv\u00f6lker","description":"Die Schlacht zwischen den Xiongnu unter Modu Chanyu und den proto-mongolischen Donghu - deren F\u00fchrer unbekannt ist -, fand 209 v. Chr. statt","robots":{"index":"index","follow":"follow","max-snippet":"max-snippet:-1","max-image-preview":"max-image-preview:large","max-video-preview":"max-video-preview:-1"},"canonical":"https:\/\/turkvoelker.de\/tr\/xiongnu-donghu-schlacht\/","og_locale":"tr_TR","og_type":"article","og_title":"Xiongnu-Donghu Schlacht - Turkv\u00f6lker","og_description":"Die Schlacht zwischen den Xiongnu unter Modu Chanyu und den proto-mongolischen Donghu - deren F\u00fchrer unbekannt ist -, fand 209 v. Chr. statt","og_url":"https:\/\/turkvoelker.de\/tr\/xiongnu-donghu-schlacht\/","og_site_name":"Turkv\u00f6lker","article_modified_time":"2025-06-20T10:25:57+00:00","og_image":[{"width":1792,"height":1024,"url":"https:\/\/mlpwwkkwzfxv.i.optimole.com\/w:auto\/h:auto\/q:mauto\/ig:avif\/https:\/\/turkvoelker.de\/wp-content\/uploads\/2025\/03\/DALL·E-2025-03-25-16.33.15-A-dramatic-battlefield-scene-set-in-a-vast-wind-swept-steppe-under-a-stormy-sky.-The-golden-grassland-stretches-across-rolling-hills-with-dark-cloud.webp","type":"image\/webp"}],"twitter_card":"summary_large_image","twitter_misc":{"Tahmini okuma s\u00fcresi":"2 dakika"},"schema":{"@context":"https:\/\/schema.org","@graph":[{"@type":"WebPage","@id":"https:\/\/turkvoelker.de\/xiongnu-donghu-schlacht\/","url":"https:\/\/turkvoelker.de\/xiongnu-donghu-schlacht\/","name":"Xiongnu-Donghu Schlacht - Turkv\u00f6lker","isPartOf":{"@id":"https:\/\/turkvoelker.de\/#website"},"primaryImageOfPage":{"@id":"https:\/\/turkvoelker.de\/xiongnu-donghu-schlacht\/#primaryimage"},"image":{"@id":"https:\/\/turkvoelker.de\/xiongnu-donghu-schlacht\/#primaryimage"},"thumbnailUrl":"https:\/\/mlpwwkkwzfxv.i.optimole.com\/w:auto\/h:auto\/q:mauto\/ig:avif\/https:\/\/turkvoelker.de\/wp-content\/uploads\/2025\/03\/DALL·E-2025-03-25-16.33.15-A-dramatic-battlefield-scene-set-in-a-vast-wind-swept-steppe-under-a-stormy-sky.-The-golden-grassland-stretches-across-rolling-hills-with-dark-cloud.webp","datePublished":"2025-03-24T14:48:55+00:00","dateModified":"2025-06-20T10:25:57+00:00","description":"Die Schlacht zwischen den Xiongnu unter Modu Chanyu und den proto-mongolischen Donghu - deren F\u00fchrer unbekannt ist -, fand 209 v. Chr. statt","breadcrumb":{"@id":"https:\/\/turkvoelker.de\/xiongnu-donghu-schlacht\/#breadcrumb"},"inLanguage":"tr","potentialAction":[{"@type":"ReadAction","target":["https:\/\/turkvoelker.de\/xiongnu-donghu-schlacht\/"]}]},{"@type":"ImageObject","inLanguage":"tr","@id":"https:\/\/turkvoelker.de\/xiongnu-donghu-schlacht\/#primaryimage","url":"https:\/\/mlpwwkkwzfxv.i.optimole.com\/w:auto\/h:auto\/q:mauto\/ig:avif\/https:\/\/turkvoelker.de\/wp-content\/uploads\/2025\/03\/DALL·E-2025-03-25-16.33.15-A-dramatic-battlefield-scene-set-in-a-vast-wind-swept-steppe-under-a-stormy-sky.-The-golden-grassland-stretches-across-rolling-hills-with-dark-cloud.webp","contentUrl":"https:\/\/mlpwwkkwzfxv.i.optimole.com\/w:auto\/h:auto\/q:mauto\/ig:avif\/https:\/\/turkvoelker.de\/wp-content\/uploads\/2025\/03\/DALL·E-2025-03-25-16.33.15-A-dramatic-battlefield-scene-set-in-a-vast-wind-swept-steppe-under-a-stormy-sky.-The-golden-grassland-stretches-across-rolling-hills-with-dark-cloud.webp","width":1792,"height":1024,"caption":"Donghu-Armee wartet auf die Xiongnu."},{"@type":"BreadcrumbList","@id":"https:\/\/turkvoelker.de\/xiongnu-donghu-schlacht\/#breadcrumb","itemListElement":[{"@type":"ListItem","position":1,"name":"Startseite","item":"https:\/\/turkvoelker.de\/"},{"@type":"ListItem","position":2,"name":"Xiongnu-Donghu Schlacht"}]},{"@type":"WebSite","@id":"https:\/\/turkvoelker.de\/#website","url":"https:\/\/turkvoelker.de\/","name":"Turkv\u00f6lker","description":"Die Enzyklop\u00e4die f\u00fcr Turkologie.","publisher":{"@id":"https:\/\/turkvoelker.de\/#organization"},"potentialAction":[{"@type":"SearchAction","target":{"@type":"EntryPoint","urlTemplate":"https:\/\/turkvoelker.de\/?s={search_term_string}"},"query-input":{"@type":"PropertyValueSpecification","valueRequired":true,"valueName":"search_term_string"}}],"inLanguage":"tr"},{"@type":"Organization","@id":"https:\/\/turkvoelker.de\/#organization","name":"Turkv\u00f6lker","url":"https:\/\/turkvoelker.de\/","logo":{"@type":"ImageObject","inLanguage":"tr","@id":"https:\/\/turkvoelker.de\/#\/schema\/logo\/image\/","url":"https:\/\/mlpwwkkwzfxv.i.optimole.com\/w:auto\/h:auto\/q:mauto\/ig:avif\/https:\/\/turkvoelker.de\/wp-content\/uploads\/2025\/03\/favicon.png","contentUrl":"https:\/\/mlpwwkkwzfxv.i.optimole.com\/w:auto\/h:auto\/q:mauto\/ig:avif\/https:\/\/turkvoelker.de\/wp-content\/uploads\/2025\/03\/favicon.png","width":1472,"height":832,"caption":"Turkv\u00f6lker"},"image":{"@id":"https:\/\/turkvoelker.de\/#\/schema\/logo\/image\/"}}]}},"_links":{"self":[{"href":"https:\/\/turkvoelker.de\/tr\/wp-json\/wp\/v2\/pages\/65739","targetHints":{"allow":["GET"]}}],"collection":[{"href":"https:\/\/turkvoelker.de\/tr\/wp-json\/wp\/v2\/pages"}],"about":[{"href":"https:\/\/turkvoelker.de\/tr\/wp-json\/wp\/v2\/types\/page"}],"author":[{"embeddable":true,"href":"https:\/\/turkvoelker.de\/tr\/wp-json\/wp\/v2\/users\/1"}],"replies":[{"embeddable":true,"href":"https:\/\/turkvoelker.de\/tr\/wp-json\/wp\/v2\/comments?post=65739"}],"version-history":[{"count":3,"href":"https:\/\/turkvoelker.de\/tr\/wp-json\/wp\/v2\/pages\/65739\/revisions"}],"predecessor-version":[{"id":65745,"href":"https:\/\/turkvoelker.de\/tr\/wp-json\/wp\/v2\/pages\/65739\/revisions\/65745"}],"wp:featuredmedia":[{"embeddable":true,"href":"https:\/\/turkvoelker.de\/tr\/wp-json\/wp\/v2\/media\/65744"}],"wp:attachment":[{"href":"https:\/\/turkvoelker.de\/tr\/wp-json\/wp\/v2\/media?parent=65739"}],"curies":[{"name":"wp","href":"https:\/\/api.w.org\/{rel}","templated":true}]}}