{"id":65778,"date":"2025-04-14T09:25:00","date_gmt":"2025-04-14T07:25:00","guid":{"rendered":"https:\/\/turkvoelker.de\/?page_id=65778"},"modified":"2025-06-20T12:20:59","modified_gmt":"2025-06-20T10:20:59","slug":"modu-chanyu-mete-han-maechtigster-chanyu-der-xiongnu","status":"publish","type":"page","link":"https:\/\/turkvoelker.de\/tr\/modu-chanyu-mete-han-maechtigster-chanyu-der-xiongnu\/","title":{"rendered":"Modu Chanyu (Mete Han) &#8211; M\u00e4chtigster Chanyu der Xiongnu"},"content":{"rendered":"<p>Modu Chanyu oder Mete Han, Sohn <a href=\"https:\/\/turkvoelker.de\/tr\/teoman\/\">Teoman Chanyus<\/a>, war der m\u00e4chtigste <a href=\"https:\/\/turkvoelker.de\/tr\/chanyu-herrscher-der-nomadischen-xiongnu\/\">Chanyu<\/a> der <a href=\"https:\/\/turkvoelker.de\/tr\/die-xiongnu\/\">Xiongnu<\/a>. Sein Vater Teoman vereinte einen Gro\u00dfteil der nomadischen St\u00e4mme und Klans \u2013 teils mit Gewalt, teils auf friedlichem Wege \u2013 in einer Konf\u00f6deration, die von den Chinesen als \u201e<em>\u5308\u5974<\/em>\u201d (Xi\u014dngn\u00fa) bekannt war. Seine Frau gebar dann einen Sohn, den sie wahrscheinlich Mede nannten (Mete\/Modu).<\/p>\n<h1>Aufstieg zum Chanyu<\/h1>\n<p>Mete Han wuchs schnell heran und gewann schon als Jugendlicher an Beliebtheit. Teoman bevorzugte einen anderen Sohn zum Nachfolger von Teoman und sah in ihm eine t\u00f6dliche Gefahr f\u00fcr seine Herrschaft. Somit schickte er Mete in das Gebiet der Yuezhi. Teoman Chanyu hoffte, dass die Yuezhi ihn hinrichten w\u00fcrden. Modu entkam indem er sich ein Pferd schnappte und in das Territorium der Xiongnu zur\u00fcckkehrte. Als Mete wieder zu Hause ankam, zeigte er seinem Vater weder Wut noch das Verlangen nach Vergeltung. Doch Mete verfolgte einem\u00a0<em>Masterplan<\/em>. Mete gewann das volle Vertrauen seines Vaters, sodass ihm eine Streitmacht von 10.000 Kriegern anvertraut wurde.<br \/>\nMete beschloss, seine kleine Horde auf brutalste Weise zu trainieren und zu testen. Mete verwendete eine Taktik: Er erprobte die Loyalit\u00e4t unter seinen M\u00e4nnern an ihm, indem er befahl auf das zu schie\u00dfen was er verlang. Die erste Probe erfolgte als er befahl, dass jeder auf sein Lieblingspferd schie\u00dfen sollte. Wer es nicht machte wurde hingerichtet. Die zweite Probe erfolgte als er auf seine Lieblingsfrau schoss. Erneut wurden die Z\u00f6gernden get\u00f6tet. Im Jahre 209 v. Chr. zielte Mete auf seinen Vater und seine trainierten Truppen schossen ohne zu z\u00f6gern auf Teoman. Er eliminierte seine Stiefmutter, seinen Halbbruder und andere potenzielle Chanyus.<\/p>\n<h1>Isim<\/h1>\n<p>Als Mete auf die Welt kam erhielt er wahrscheinlich den Namen\u00a0<em>Mede<\/em>. Im Jahr 1756 \u00fcbersetzte der franz\u00f6sische Gelehrte Joseph de Guignes das chinesische Original des Werkes &#8222;Modu&#8220; und gab ihm die Transkription &#8222;Mei-Tei&#8220;. Nach der Gr\u00fcndung der Republik T\u00fcrkei im Jahr 1923 \u00fcbersetzte H\u00fcseyin Cahit Yal\u00e7\u0131n &#8222;Mei-Tei&#8220; als &#8222;Mete&#8220;. Nach dieser Transkription von &#8222;Mei Tei&#8220; zu &#8222;Mete&#8220;, entstand der t\u00fcrkische Name Mete, der noch heute sehr popul\u00e4r ist.<\/p>\n<p>Vermutlich erhielt Mede &#8211; wie wir ihn nennen k\u00f6nnen &#8211; nach seinem Aufstieg den Titel<em> Bagatur<\/em>, was Held bedeutet. Aus dem Namen Bagatur entstand der heutige t\u00fcrkische Name <em>Bahad\u0131r<\/em>.<\/p>","protected":false},"excerpt":{"rendered":"<p>Modu Chanyu oder Mete Han, Sohn Teoman Chanyus, war der m\u00e4chtigste Chanyu der Xiongnu. Sein Vater Teoman vereinte einen Gro\u00dfteil der nomadischen St\u00e4mme und Klans \u2013 teils mit Gewalt, teils&hellip;<\/p>","protected":false},"author":1,"featured_media":65780,"parent":0,"menu_order":0,"comment_status":"closed","ping_status":"closed","template":"","meta":{"_monsterinsights_skip_tracking":false,"_monsterinsights_sitenote_active":false,"_monsterinsights_sitenote_note":"","_monsterinsights_sitenote_category":0,"_uf_show_specific_survey":0,"_uf_disable_surveys":false,"_themeisle_gutenberg_block_has_review":false,"footnotes":""},"class_list":["post-65778","page","type-page","status-publish","has-post-thumbnail","hentry"],"aioseo_notices":[],"featured_image_src":"https:\/\/mlpwwkkwzfxv.i.optimole.com\/w:auto\/h:auto\/q:mauto\/ig:avif\/https:\/\/turkvoelker.de\/wp-content\/uploads\/2025\/04\/Gemini_Generated_Image_71zb8671zb8671zb.jpg","yoast_head":"<!-- This site is optimized with the Yoast SEO plugin v26.1.1 - https:\/\/yoast.com\/wordpress\/plugins\/seo\/ -->\n<title>Modu Chanyu (Mete Han) - M\u00e4chtigster Chanyu der Xiongnu<\/title>\n<meta name=\"description\" content=\"Modu Chanyu oder Mete Han, Sohn Teoman Chanyus, war der m\u00e4chtigste Chanyu der Xiongnu.\" \/>\n<meta name=\"robots\" content=\"index, follow, max-snippet:-1, max-image-preview:large, max-video-preview:-1\" \/>\n<link rel=\"canonical\" href=\"https:\/\/turkvoelker.de\/tr\/modu-chanyu-mete-han-maechtigster-chanyu-der-xiongnu\/\" \/>\n<meta property=\"og:locale\" content=\"tr_TR\" \/>\n<meta property=\"og:type\" content=\"article\" \/>\n<meta property=\"og:title\" content=\"Modu Chanyu (Mete Han) - M\u00e4chtigster Chanyu der Xiongnu\" \/>\n<meta property=\"og:description\" content=\"Modu Chanyu oder Mete Han, Sohn Teoman Chanyus, war der m\u00e4chtigste Chanyu der Xiongnu.\" \/>\n<meta property=\"og:url\" content=\"https:\/\/turkvoelker.de\/tr\/modu-chanyu-mete-han-maechtigster-chanyu-der-xiongnu\/\" \/>\n<meta property=\"og:site_name\" content=\"Turkv\u00f6lker\" \/>\n<meta property=\"article:modified_time\" content=\"2025-06-20T10:20:59+00:00\" \/>\n<meta property=\"og:image\" content=\"https:\/\/mlpwwkkwzfxv.i.optimole.com\/w:auto\/h:auto\/q:mauto\/ig:avif\/https:\/\/turkvoelker.de\/wp-content\/uploads\/2025\/04\/Gemini_Generated_Image_71zb8671zb8671zb.jpg\" \/>\n\t<meta property=\"og:image:width\" content=\"2048\" \/>\n\t<meta property=\"og:image:height\" content=\"2048\" \/>\n\t<meta property=\"og:image:type\" content=\"image\/jpeg\" \/>\n<meta name=\"twitter:card\" content=\"summary_large_image\" \/>\n<meta name=\"twitter:label1\" content=\"Tahmini okuma s\u00fcresi\" \/>\n\t<meta name=\"twitter:data1\" content=\"3 dakika\" \/>\n<script type=\"application\/ld+json\" class=\"yoast-schema-graph\">{\"@context\":\"https:\/\/schema.org\",\"@graph\":[{\"@type\":\"WebPage\",\"@id\":\"https:\/\/turkvoelker.de\/modu-chanyu-mete-han-maechtigster-chanyu-der-xiongnu\/\",\"url\":\"https:\/\/turkvoelker.de\/modu-chanyu-mete-han-maechtigster-chanyu-der-xiongnu\/\",\"name\":\"Modu Chanyu (Mete Han) - M\u00e4chtigster Chanyu der Xiongnu\",\"isPartOf\":{\"@id\":\"https:\/\/turkvoelker.de\/#website\"},\"primaryImageOfPage\":{\"@id\":\"https:\/\/turkvoelker.de\/modu-chanyu-mete-han-maechtigster-chanyu-der-xiongnu\/#primaryimage\"},\"image\":{\"@id\":\"https:\/\/turkvoelker.de\/modu-chanyu-mete-han-maechtigster-chanyu-der-xiongnu\/#primaryimage\"},\"thumbnailUrl\":\"https:\/\/mlpwwkkwzfxv.i.optimole.com\/w:auto\/h:auto\/q:mauto\/ig:avif\/https:\/\/turkvoelker.de\/wp-content\/uploads\/2025\/04\/Gemini_Generated_Image_71zb8671zb8671zb.jpg\",\"datePublished\":\"2025-04-14T07:25:00+00:00\",\"dateModified\":\"2025-06-20T10:20:59+00:00\",\"description\":\"Modu Chanyu oder Mete Han, Sohn Teoman Chanyus, war der m\u00e4chtigste Chanyu der Xiongnu.\",\"breadcrumb\":{\"@id\":\"https:\/\/turkvoelker.de\/modu-chanyu-mete-han-maechtigster-chanyu-der-xiongnu\/#breadcrumb\"},\"inLanguage\":\"tr\",\"potentialAction\":[{\"@type\":\"ReadAction\",\"target\":[\"https:\/\/turkvoelker.de\/modu-chanyu-mete-han-maechtigster-chanyu-der-xiongnu\/\"]}]},{\"@type\":\"ImageObject\",\"inLanguage\":\"tr\",\"@id\":\"https:\/\/turkvoelker.de\/modu-chanyu-mete-han-maechtigster-chanyu-der-xiongnu\/#primaryimage\",\"url\":\"https:\/\/mlpwwkkwzfxv.i.optimole.com\/w:auto\/h:auto\/q:mauto\/ig:avif\/https:\/\/turkvoelker.de\/wp-content\/uploads\/2025\/04\/Gemini_Generated_Image_71zb8671zb8671zb.jpg\",\"contentUrl\":\"https:\/\/mlpwwkkwzfxv.i.optimole.com\/w:auto\/h:auto\/q:mauto\/ig:avif\/https:\/\/turkvoelker.de\/wp-content\/uploads\/2025\/04\/Gemini_Generated_Image_71zb8671zb8671zb.jpg\",\"width\":2048,\"height\":2048,\"caption\":\"Mete Han nimmt Aussicht.\"},{\"@type\":\"BreadcrumbList\",\"@id\":\"https:\/\/turkvoelker.de\/modu-chanyu-mete-han-maechtigster-chanyu-der-xiongnu\/#breadcrumb\",\"itemListElement\":[{\"@type\":\"ListItem\",\"position\":1,\"name\":\"Startseite\",\"item\":\"https:\/\/turkvoelker.de\/\"},{\"@type\":\"ListItem\",\"position\":2,\"name\":\"Modu Chanyu (Mete Han) &#8211; M\u00e4chtigster Chanyu der Xiongnu\"}]},{\"@type\":\"WebSite\",\"@id\":\"https:\/\/turkvoelker.de\/#website\",\"url\":\"https:\/\/turkvoelker.de\/\",\"name\":\"Turkv\u00f6lker\",\"description\":\"Die Enzyklop\u00e4die f\u00fcr Turkologie.\",\"publisher\":{\"@id\":\"https:\/\/turkvoelker.de\/#organization\"},\"potentialAction\":[{\"@type\":\"SearchAction\",\"target\":{\"@type\":\"EntryPoint\",\"urlTemplate\":\"https:\/\/turkvoelker.de\/?s={search_term_string}\"},\"query-input\":{\"@type\":\"PropertyValueSpecification\",\"valueRequired\":true,\"valueName\":\"search_term_string\"}}],\"inLanguage\":\"tr\"},{\"@type\":\"Organization\",\"@id\":\"https:\/\/turkvoelker.de\/#organization\",\"name\":\"Turkv\u00f6lker\",\"url\":\"https:\/\/turkvoelker.de\/\",\"logo\":{\"@type\":\"ImageObject\",\"inLanguage\":\"tr\",\"@id\":\"https:\/\/turkvoelker.de\/#\/schema\/logo\/image\/\",\"url\":\"https:\/\/mlpwwkkwzfxv.i.optimole.com\/w:auto\/h:auto\/q:mauto\/ig:avif\/https:\/\/turkvoelker.de\/wp-content\/uploads\/2025\/03\/favicon.png\",\"contentUrl\":\"https:\/\/mlpwwkkwzfxv.i.optimole.com\/w:auto\/h:auto\/q:mauto\/ig:avif\/https:\/\/turkvoelker.de\/wp-content\/uploads\/2025\/03\/favicon.png\",\"width\":1472,\"height\":832,\"caption\":\"Turkv\u00f6lker\"},\"image\":{\"@id\":\"https:\/\/turkvoelker.de\/#\/schema\/logo\/image\/\"}}]}<\/script>\n<!-- \/ Yoast SEO plugin. -->","yoast_head_json":{"title":"Modu Chanyu (Mete Han) - M\u00e4chtigster Chanyu der Xiongnu","description":"Modu Chanyu oder Mete Han, Sohn Teoman Chanyus, war der m\u00e4chtigste Chanyu der Xiongnu.","robots":{"index":"index","follow":"follow","max-snippet":"max-snippet:-1","max-image-preview":"max-image-preview:large","max-video-preview":"max-video-preview:-1"},"canonical":"https:\/\/turkvoelker.de\/tr\/modu-chanyu-mete-han-maechtigster-chanyu-der-xiongnu\/","og_locale":"tr_TR","og_type":"article","og_title":"Modu Chanyu (Mete Han) - M\u00e4chtigster Chanyu der Xiongnu","og_description":"Modu Chanyu oder Mete Han, Sohn Teoman Chanyus, war der m\u00e4chtigste Chanyu der Xiongnu.","og_url":"https:\/\/turkvoelker.de\/tr\/modu-chanyu-mete-han-maechtigster-chanyu-der-xiongnu\/","og_site_name":"Turkv\u00f6lker","article_modified_time":"2025-06-20T10:20:59+00:00","og_image":[{"width":2048,"height":2048,"url":"https:\/\/mlpwwkkwzfxv.i.optimole.com\/w:auto\/h:auto\/q:mauto\/ig:avif\/https:\/\/turkvoelker.de\/wp-content\/uploads\/2025\/04\/Gemini_Generated_Image_71zb8671zb8671zb.jpg","type":"image\/jpeg"}],"twitter_card":"summary_large_image","twitter_misc":{"Tahmini okuma s\u00fcresi":"3 dakika"},"schema":{"@context":"https:\/\/schema.org","@graph":[{"@type":"WebPage","@id":"https:\/\/turkvoelker.de\/modu-chanyu-mete-han-maechtigster-chanyu-der-xiongnu\/","url":"https:\/\/turkvoelker.de\/modu-chanyu-mete-han-maechtigster-chanyu-der-xiongnu\/","name":"Modu Chanyu (Mete Han) - M\u00e4chtigster Chanyu der Xiongnu","isPartOf":{"@id":"https:\/\/turkvoelker.de\/#website"},"primaryImageOfPage":{"@id":"https:\/\/turkvoelker.de\/modu-chanyu-mete-han-maechtigster-chanyu-der-xiongnu\/#primaryimage"},"image":{"@id":"https:\/\/turkvoelker.de\/modu-chanyu-mete-han-maechtigster-chanyu-der-xiongnu\/#primaryimage"},"thumbnailUrl":"https:\/\/mlpwwkkwzfxv.i.optimole.com\/w:auto\/h:auto\/q:mauto\/ig:avif\/https:\/\/turkvoelker.de\/wp-content\/uploads\/2025\/04\/Gemini_Generated_Image_71zb8671zb8671zb.jpg","datePublished":"2025-04-14T07:25:00+00:00","dateModified":"2025-06-20T10:20:59+00:00","description":"Modu Chanyu oder Mete Han, Sohn Teoman Chanyus, war der m\u00e4chtigste Chanyu der Xiongnu.","breadcrumb":{"@id":"https:\/\/turkvoelker.de\/modu-chanyu-mete-han-maechtigster-chanyu-der-xiongnu\/#breadcrumb"},"inLanguage":"tr","potentialAction":[{"@type":"ReadAction","target":["https:\/\/turkvoelker.de\/modu-chanyu-mete-han-maechtigster-chanyu-der-xiongnu\/"]}]},{"@type":"ImageObject","inLanguage":"tr","@id":"https:\/\/turkvoelker.de\/modu-chanyu-mete-han-maechtigster-chanyu-der-xiongnu\/#primaryimage","url":"https:\/\/mlpwwkkwzfxv.i.optimole.com\/w:auto\/h:auto\/q:mauto\/ig:avif\/https:\/\/turkvoelker.de\/wp-content\/uploads\/2025\/04\/Gemini_Generated_Image_71zb8671zb8671zb.jpg","contentUrl":"https:\/\/mlpwwkkwzfxv.i.optimole.com\/w:auto\/h:auto\/q:mauto\/ig:avif\/https:\/\/turkvoelker.de\/wp-content\/uploads\/2025\/04\/Gemini_Generated_Image_71zb8671zb8671zb.jpg","width":2048,"height":2048,"caption":"Mete Han nimmt Aussicht."},{"@type":"BreadcrumbList","@id":"https:\/\/turkvoelker.de\/modu-chanyu-mete-han-maechtigster-chanyu-der-xiongnu\/#breadcrumb","itemListElement":[{"@type":"ListItem","position":1,"name":"Startseite","item":"https:\/\/turkvoelker.de\/"},{"@type":"ListItem","position":2,"name":"Modu Chanyu (Mete Han) &#8211; M\u00e4chtigster Chanyu der Xiongnu"}]},{"@type":"WebSite","@id":"https:\/\/turkvoelker.de\/#website","url":"https:\/\/turkvoelker.de\/","name":"Turkv\u00f6lker","description":"Die Enzyklop\u00e4die f\u00fcr Turkologie.","publisher":{"@id":"https:\/\/turkvoelker.de\/#organization"},"potentialAction":[{"@type":"SearchAction","target":{"@type":"EntryPoint","urlTemplate":"https:\/\/turkvoelker.de\/?s={search_term_string}"},"query-input":{"@type":"PropertyValueSpecification","valueRequired":true,"valueName":"search_term_string"}}],"inLanguage":"tr"},{"@type":"Organization","@id":"https:\/\/turkvoelker.de\/#organization","name":"Turkv\u00f6lker","url":"https:\/\/turkvoelker.de\/","logo":{"@type":"ImageObject","inLanguage":"tr","@id":"https:\/\/turkvoelker.de\/#\/schema\/logo\/image\/","url":"https:\/\/mlpwwkkwzfxv.i.optimole.com\/w:auto\/h:auto\/q:mauto\/ig:avif\/https:\/\/turkvoelker.de\/wp-content\/uploads\/2025\/03\/favicon.png","contentUrl":"https:\/\/mlpwwkkwzfxv.i.optimole.com\/w:auto\/h:auto\/q:mauto\/ig:avif\/https:\/\/turkvoelker.de\/wp-content\/uploads\/2025\/03\/favicon.png","width":1472,"height":832,"caption":"Turkv\u00f6lker"},"image":{"@id":"https:\/\/turkvoelker.de\/#\/schema\/logo\/image\/"}}]}},"_links":{"self":[{"href":"https:\/\/turkvoelker.de\/tr\/wp-json\/wp\/v2\/pages\/65778","targetHints":{"allow":["GET"]}}],"collection":[{"href":"https:\/\/turkvoelker.de\/tr\/wp-json\/wp\/v2\/pages"}],"about":[{"href":"https:\/\/turkvoelker.de\/tr\/wp-json\/wp\/v2\/types\/page"}],"author":[{"embeddable":true,"href":"https:\/\/turkvoelker.de\/tr\/wp-json\/wp\/v2\/users\/1"}],"replies":[{"embeddable":true,"href":"https:\/\/turkvoelker.de\/tr\/wp-json\/wp\/v2\/comments?post=65778"}],"version-history":[{"count":7,"href":"https:\/\/turkvoelker.de\/tr\/wp-json\/wp\/v2\/pages\/65778\/revisions"}],"predecessor-version":[{"id":65791,"href":"https:\/\/turkvoelker.de\/tr\/wp-json\/wp\/v2\/pages\/65778\/revisions\/65791"}],"wp:featuredmedia":[{"embeddable":true,"href":"https:\/\/turkvoelker.de\/tr\/wp-json\/wp\/v2\/media\/65780"}],"wp:attachment":[{"href":"https:\/\/turkvoelker.de\/tr\/wp-json\/wp\/v2\/media?parent=65778"}],"curies":[{"name":"wp","href":"https:\/\/api.w.org\/{rel}","templated":true}]}}